{"id":9856,"date":"2022-03-27T20:20:34","date_gmt":"2022-03-27T20:20:34","guid":{"rendered":"https:\/\/flakhobby.com\/?post_type=product&#038;p=9856"},"modified":"2025-06-20T14:40:33","modified_gmt":"2025-06-20T14:40:33","slug":"old-brass","status":"publish","type":"product","link":"https:\/\/flakhobby.com\/sr\/\u043f\u0440\u043e\u0438\u0437\u0432\u043e\u0434\/old-brass\/","title":{"rendered":"Old Brass"},"content":{"rendered":"<p>Metalik boja starog mesinga za bojenje \u010daura, unutra\u0161njih mehanizama i dr.<\/p>\n<p>AMMO Metalik boje se mogu nanositi \u010detkicom ili erbra\u0161em. Svaka fla\u0161ica sadr\u017ei ner\u0111aju\u0107u kuglicu za me\u0161anje. Boja je na vodenoj osnovi, bezmirisina i netoksi\u010dna.<br \/>\nMo\u017ee se razre\u0111ivati vodom, ali je preporu\u010deno kori\u0161\u0107enje originalnog razre\u0111iva\u010da <a href=\"https:\/\/flakhobby.com\/sr\/%D0%BF%D1%80%D0%BE%D0%B8%D0%B7%D0%B2%D0%BE%D0%B4\/akrilni-razredivac-60ml\/\">AMIG2000 Acrylic Thinner<\/a>. Potpuno se su\u0161i u 24 sata.<\/p>","protected":false},"excerpt":{"rendered":"<p>Metalik boja starog mesinga za bojenje \u010daura, unutra\u0161njih mehanizama i dr. AMMO Metalik boje se mogu nanositi \u010detkicom ili erbra\u0161em. Svaka fla\u0161ica sadr\u017ei ner\u0111aju\u0107u kuglicu za me\u0161anje. Boja je na vodenoj osnovi, bezmirisina i netoksi\u010dna. Mo\u017ee se razre\u0111ivati vodom, ali je preporu\u010deno kori\u0161\u0107enje originalnog razre\u0111iva\u010da AMIG2000 Acrylic Thinner. Potpuno se su\u0161i u 24 sata.<\/p>","protected":false},"featured_media":9857,"template":"","meta":[],"product_brand":[],"product_cat":[339,340],"product_tag":[],"class_list":{"0":"post-9856","1":"product","2":"type-product","3":"status-publish","4":"has-post-thumbnail","6":"product_cat-boje-i-razredivaci","7":"product_cat-ammo-mig-akrilne-boje-17ml","8":"pa_brand-metallic-colors","10":"first","11":"outofstock","12":"shipping-taxable","13":"purchasable","14":"product-type-simple"},"_links":{"self":[{"href":"https:\/\/flakhobby.com\/sr\/wp-json\/wp\/v2\/product\/9856","targetHints":{"allow":["GET"]}}],"collection":[{"href":"https:\/\/flakhobby.com\/sr\/wp-json\/wp\/v2\/product"}],"about":[{"href":"https:\/\/flakhobby.com\/sr\/wp-json\/wp\/v2\/types\/product"}],"version-history":[{"count":1,"href":"https:\/\/flakhobby.com\/sr\/wp-json\/wp\/v2\/product\/9856\/revisions"}],"predecessor-version":[{"id":9858,"href":"https:\/\/flakhobby.com\/sr\/wp-json\/wp\/v2\/product\/9856\/revisions\/9858"}],"wp:featuredmedia":[{"embeddable":true,"href":"https:\/\/flakhobby.com\/sr\/wp-json\/wp\/v2\/media\/9857"}],"wp:attachment":[{"href":"https:\/\/flakhobby.com\/sr\/wp-json\/wp\/v2\/media?parent=9856"}],"wp:term":[{"taxonomy":"product_brand","embeddable":true,"href":"https:\/\/flakhobby.com\/sr\/wp-json\/wp\/v2\/product_brand?post=9856"},{"taxonomy":"product_cat","embeddable":true,"href":"https:\/\/flakhobby.com\/sr\/wp-json\/wp\/v2\/product_cat?post=9856"},{"taxonomy":"product_tag","embeddable":true,"href":"https:\/\/flakhobby.com\/sr\/wp-json\/wp\/v2\/product_tag?post=9856"}],"curies":[{"name":"wp","href":"https:\/\/api.w.org\/{rel}","templated":true}]}}