{"id":9748,"date":"2022-03-26T21:16:06","date_gmt":"2022-03-26T21:16:06","guid":{"rendered":"https:\/\/flakhobby.com\/?post_type=product&#038;p=9748"},"modified":"2025-09-25T12:06:45","modified_gmt":"2025-09-25T12:06:45","slug":"ash-black-shader","status":"publish","type":"product","link":"https:\/\/flakhobby.com\/sr\/\u043f\u0440\u043e\u0438\u0437\u0432\u043e\u0434\/ash-black-shader\/","title":{"rendered":"Ash Black Shader"},"content":{"rendered":"<p>AMMO Shaders je novi proizvod za postizanje niza razli\u010ditih efekata na svim vrstama maketa. Ova fina, transparentna boja omogu\u0107ava maketarima svih nivoa ve\u0161tine da postignu vrhunske rezultate.<br \/>\n\u0160irok izbor boja omogu\u0107ava sen\u010denje, posvetljivanje, pravljenje filtera, itd na raznim vrstama podloga.<\/p>\n<p>Vrlo lako se mogu dodati efekti pra\u0161ine i naglasiti panelne linije.<br \/>\nProizvod nije potrebno razre\u0111ivati, netoksi\u010dan je i vrlo lako se nanosi erbra\u0161em i \u010disti vodom.<\/p>","protected":false},"excerpt":{"rendered":"<p>Akrilna boja za sen\u010denje, filtere &#8211; 10mL<\/p>","protected":false},"featured_media":9749,"template":"","meta":[],"product_brand":[],"product_cat":[349,356],"product_tag":[],"class_list":{"0":"post-9748","1":"product","2":"type-product","3":"status-publish","4":"has-post-thumbnail","6":"product_cat-weathering","7":"product_cat-filteri","8":"pa_brand-ammo","10":"first","11":"outofstock","12":"shipping-taxable","13":"purchasable","14":"product-type-simple"},"_links":{"self":[{"href":"https:\/\/flakhobby.com\/sr\/wp-json\/wp\/v2\/product\/9748","targetHints":{"allow":["GET"]}}],"collection":[{"href":"https:\/\/flakhobby.com\/sr\/wp-json\/wp\/v2\/product"}],"about":[{"href":"https:\/\/flakhobby.com\/sr\/wp-json\/wp\/v2\/types\/product"}],"version-history":[{"count":2,"href":"https:\/\/flakhobby.com\/sr\/wp-json\/wp\/v2\/product\/9748\/revisions"}],"predecessor-version":[{"id":16527,"href":"https:\/\/flakhobby.com\/sr\/wp-json\/wp\/v2\/product\/9748\/revisions\/16527"}],"wp:featuredmedia":[{"embeddable":true,"href":"https:\/\/flakhobby.com\/sr\/wp-json\/wp\/v2\/media\/9749"}],"wp:attachment":[{"href":"https:\/\/flakhobby.com\/sr\/wp-json\/wp\/v2\/media?parent=9748"}],"wp:term":[{"taxonomy":"product_brand","embeddable":true,"href":"https:\/\/flakhobby.com\/sr\/wp-json\/wp\/v2\/product_brand?post=9748"},{"taxonomy":"product_cat","embeddable":true,"href":"https:\/\/flakhobby.com\/sr\/wp-json\/wp\/v2\/product_cat?post=9748"},{"taxonomy":"product_tag","embeddable":true,"href":"https:\/\/flakhobby.com\/sr\/wp-json\/wp\/v2\/product_tag?post=9748"}],"curies":[{"name":"wp","href":"https:\/\/api.w.org\/{rel}","templated":true}]}}