{"id":9692,"date":"2022-03-21T22:08:35","date_gmt":"2022-03-21T22:08:35","guid":{"rendered":"https:\/\/flakhobby.com\/?post_type=product&#038;p=9692"},"modified":"2025-06-13T11:26:39","modified_gmt":"2025-06-13T11:26:39","slug":"gloss-lucky-varnish-17ml","status":"publish","type":"product","link":"https:\/\/flakhobby.com\/sr\/\u043f\u0440\u043e\u0438\u0437\u0432\u043e\u0434\/gloss-lucky-varnish-17ml\/","title":{"rendered":"Gloss Lucky Varnish 17mL"},"content":{"rendered":"<p>Sjajni lak za sve vrste akrilnih boja. Mo\u017ee se koristiti na dva na\u010dina:<\/p>\n<ol>\n<li>Mo\u017ee se naneti preko boje kao standardan lak<\/li>\n<li>Mo\u017ee se pome\u0161ati sa bojom kako bi je matirao<\/li>\n<\/ol>\n<p>Mo\u017ee se nanositi i \u010detkicom i airburshem. Neophodno je naneti ovaj lak u vi\u0161e tankih slojeva i nema potrebe za razre\u0111ivanjem.<\/p>\n<p>Bezmirisan i netoksi\u010dan. Ne postaje \u017eut vremenom. \u010cisti se AMIG2000 Akrilnim razre\u0111iva\u010dem ili vodom.<\/p>\n<p>Za vi\u0161e informacija o kori\u0161\u0107enju ovih lakova pogledajte ovaj video klip: <a href=\"https:\/\/www.youtube.com\/watch?v=dnu__yXMtnA\" target=\"_blank\" rel=\"noopener\">https:\/\/www.youtube.com\/watch?v=dnu__yXMtnA<\/a><\/p>","protected":false},"excerpt":{"rendered":"<p>Akrilni lak za \u010detkicu i airbrush 17mL<\/p>","protected":false},"featured_media":9693,"template":"","meta":[],"product_brand":[],"product_cat":[358,363],"product_tag":[],"class_list":{"0":"post-9692","1":"product","2":"type-product","3":"status-publish","4":"has-post-thumbnail","6":"product_cat-maketarski-alat-i-pribor","7":"product_cat-lakovi","8":"pa_brand-ammo","10":"first","11":"outofstock","12":"shipping-taxable","13":"purchasable","14":"product-type-simple"},"_links":{"self":[{"href":"https:\/\/flakhobby.com\/sr\/wp-json\/wp\/v2\/product\/9692","targetHints":{"allow":["GET"]}}],"collection":[{"href":"https:\/\/flakhobby.com\/sr\/wp-json\/wp\/v2\/product"}],"about":[{"href":"https:\/\/flakhobby.com\/sr\/wp-json\/wp\/v2\/types\/product"}],"version-history":[{"count":2,"href":"https:\/\/flakhobby.com\/sr\/wp-json\/wp\/v2\/product\/9692\/revisions"}],"predecessor-version":[{"id":15857,"href":"https:\/\/flakhobby.com\/sr\/wp-json\/wp\/v2\/product\/9692\/revisions\/15857"}],"wp:featuredmedia":[{"embeddable":true,"href":"https:\/\/flakhobby.com\/sr\/wp-json\/wp\/v2\/media\/9693"}],"wp:attachment":[{"href":"https:\/\/flakhobby.com\/sr\/wp-json\/wp\/v2\/media?parent=9692"}],"wp:term":[{"taxonomy":"product_brand","embeddable":true,"href":"https:\/\/flakhobby.com\/sr\/wp-json\/wp\/v2\/product_brand?post=9692"},{"taxonomy":"product_cat","embeddable":true,"href":"https:\/\/flakhobby.com\/sr\/wp-json\/wp\/v2\/product_cat?post=9692"},{"taxonomy":"product_tag","embeddable":true,"href":"https:\/\/flakhobby.com\/sr\/wp-json\/wp\/v2\/product_tag?post=9692"}],"curies":[{"name":"wp","href":"https:\/\/api.w.org\/{rel}","templated":true}]}}