{"id":9673,"date":"2022-03-19T22:37:59","date_gmt":"2022-03-19T22:37:59","guid":{"rendered":"https:\/\/flakhobby.com\/?post_type=product&#038;p=9673"},"modified":"2023-09-01T13:37:43","modified_gmt":"2023-09-01T13:37:43","slug":"damp-earth","status":"publish","type":"product","link":"https:\/\/flakhobby.com\/sr\/\u043f\u0440\u043e\u0438\u0437\u0432\u043e\u0434\/damp-earth\/","title":{"rendered":"Damp Earth"},"content":{"rendered":"<p>Emajl efekat boje zemlje koji se su\u0161i sa satenskim fini\u0161em. Mo\u017ee se naneti \u010detkicom ili airbrushem, a potom uraditi <em>fade<\/em>\u00a0\u010detkicom namo\u010denom<\/p>\n<p>Emajl razre\u0111iva\u010dem AMIG2019.<\/p>","protected":false},"excerpt":{"rendered":"<p>Emajl efekat 35mL<\/p>","protected":false},"featured_media":9674,"template":"","meta":[],"product_brand":[],"product_cat":[352,349],"product_tag":[],"class_list":{"0":"post-9673","1":"product","2":"type-product","3":"status-publish","4":"has-post-thumbnail","6":"product_cat-emajl-efekti-za-makete","7":"product_cat-weathering","8":"pa_brand-ammo","10":"first","11":"outofstock","12":"shipping-taxable","13":"purchasable","14":"product-type-simple"},"_links":{"self":[{"href":"https:\/\/flakhobby.com\/sr\/wp-json\/wp\/v2\/product\/9673","targetHints":{"allow":["GET"]}}],"collection":[{"href":"https:\/\/flakhobby.com\/sr\/wp-json\/wp\/v2\/product"}],"about":[{"href":"https:\/\/flakhobby.com\/sr\/wp-json\/wp\/v2\/types\/product"}],"version-history":[{"count":2,"href":"https:\/\/flakhobby.com\/sr\/wp-json\/wp\/v2\/product\/9673\/revisions"}],"predecessor-version":[{"id":19408,"href":"https:\/\/flakhobby.com\/sr\/wp-json\/wp\/v2\/product\/9673\/revisions\/19408"}],"wp:featuredmedia":[{"embeddable":true,"href":"https:\/\/flakhobby.com\/sr\/wp-json\/wp\/v2\/media\/9674"}],"wp:attachment":[{"href":"https:\/\/flakhobby.com\/sr\/wp-json\/wp\/v2\/media?parent=9673"}],"wp:term":[{"taxonomy":"product_brand","embeddable":true,"href":"https:\/\/flakhobby.com\/sr\/wp-json\/wp\/v2\/product_brand?post=9673"},{"taxonomy":"product_cat","embeddable":true,"href":"https:\/\/flakhobby.com\/sr\/wp-json\/wp\/v2\/product_cat?post=9673"},{"taxonomy":"product_tag","embeddable":true,"href":"https:\/\/flakhobby.com\/sr\/wp-json\/wp\/v2\/product_tag?post=9673"}],"curies":[{"name":"wp","href":"https:\/\/api.w.org\/{rel}","templated":true}]}}