{"id":9667,"date":"2022-03-19T22:33:31","date_gmt":"2022-03-19T22:33:31","guid":{"rendered":"https:\/\/flakhobby.com\/?post_type=product&#038;p=9667"},"modified":"2024-04-15T11:39:26","modified_gmt":"2024-04-15T11:39:26","slug":"plasticator-thin","status":"publish","type":"product","link":"https:\/\/flakhobby.com\/sr\/\u043f\u0440\u043e\u0438\u0437\u0432\u043e\u0434\/plasticator-thin\/","title":{"rendered":"Plasticator &#8211; Thin"},"content":{"rendered":"<p>Sredstvo za pripremu povr\u0161ina za bojenje &#8211; karton, gips, drvo itd<\/p>\n<p>Vi\u0161e informacija o proizvodu mo\u017eete na\u0107i klikom na <a href=\"https:\/\/youtu.be\/8jzFUuUgRBw?si=pSKeb8AM6vh52ekj&amp;t=20\" target=\"_blank\" rel=\"noopener\">LINK<\/a><\/p>","protected":false},"excerpt":{"rendered":"<p>Sredstvo za pripremu povr\u0161ina za bojenje &#8211; karton, gips, drvo itd<\/p>","protected":false},"featured_media":9668,"template":"","meta":[],"product_brand":[],"product_cat":[368,358],"product_tag":[],"class_list":{"0":"post-9667","1":"product","2":"type-product","3":"status-publish","4":"has-post-thumbnail","6":"product_cat-ostalo","7":"product_cat-maketarski-alat-i-pribor","8":"pa_brand-ammo","10":"first","11":"instock","12":"shipping-taxable","13":"purchasable","14":"product-type-simple"},"_links":{"self":[{"href":"https:\/\/flakhobby.com\/sr\/wp-json\/wp\/v2\/product\/9667","targetHints":{"allow":["GET"]}}],"collection":[{"href":"https:\/\/flakhobby.com\/sr\/wp-json\/wp\/v2\/product"}],"about":[{"href":"https:\/\/flakhobby.com\/sr\/wp-json\/wp\/v2\/types\/product"}],"version-history":[{"count":2,"href":"https:\/\/flakhobby.com\/sr\/wp-json\/wp\/v2\/product\/9667\/revisions"}],"predecessor-version":[{"id":21644,"href":"https:\/\/flakhobby.com\/sr\/wp-json\/wp\/v2\/product\/9667\/revisions\/21644"}],"wp:featuredmedia":[{"embeddable":true,"href":"https:\/\/flakhobby.com\/sr\/wp-json\/wp\/v2\/media\/9668"}],"wp:attachment":[{"href":"https:\/\/flakhobby.com\/sr\/wp-json\/wp\/v2\/media?parent=9667"}],"wp:term":[{"taxonomy":"product_brand","embeddable":true,"href":"https:\/\/flakhobby.com\/sr\/wp-json\/wp\/v2\/product_brand?post=9667"},{"taxonomy":"product_cat","embeddable":true,"href":"https:\/\/flakhobby.com\/sr\/wp-json\/wp\/v2\/product_cat?post=9667"},{"taxonomy":"product_tag","embeddable":true,"href":"https:\/\/flakhobby.com\/sr\/wp-json\/wp\/v2\/product_tag?post=9667"}],"curies":[{"name":"wp","href":"https:\/\/api.w.org\/{rel}","templated":true}]}}