{"id":9657,"date":"2022-03-19T22:16:59","date_gmt":"2022-03-19T22:16:59","guid":{"rendered":"https:\/\/flakhobby.com\/?post_type=product&#038;p=9657"},"modified":"2024-04-12T18:12:54","modified_gmt":"2024-04-12T18:12:54","slug":"black-slow-dry-cyanoacrylate","status":"publish","type":"product","link":"https:\/\/flakhobby.com\/sr\/\u043f\u0440\u043e\u0438\u0437\u0432\u043e\u0434\/black-slow-dry-cyanoacrylate\/","title":{"rendered":"Black Slow Dry Cyanoacrylate"},"content":{"rendered":"<p>Vrhunski crni superlak koji se mo\u017ee pohvaliti dugim \u017eivotnim vekom u boci nakon otvaranja. Veoma je te\u010dan i vrlo lepo prodire u pukotine izme\u0111u delova.<\/p>\n<p>Funkcionalno suv u roku od 3-10 sekundi.<\/p>","protected":false},"excerpt":{"rendered":"<p>Colle 21 italjianski crni superlepak dugog \u017eivotnog veka \u2013 21 gram<\/p>","protected":false},"featured_media":9659,"template":"","meta":[],"product_brand":[],"product_cat":[358,359],"product_tag":[],"class_list":{"0":"post-9657","1":"product","2":"type-product","3":"status-publish","4":"has-post-thumbnail","6":"product_cat-maketarski-alat-i-pribor","7":"product_cat-lepkovi","8":"pa_brand-ammo","10":"first","11":"instock","12":"shipping-taxable","13":"purchasable","14":"product-type-simple"},"_links":{"self":[{"href":"https:\/\/flakhobby.com\/sr\/wp-json\/wp\/v2\/product\/9657","targetHints":{"allow":["GET"]}}],"collection":[{"href":"https:\/\/flakhobby.com\/sr\/wp-json\/wp\/v2\/product"}],"about":[{"href":"https:\/\/flakhobby.com\/sr\/wp-json\/wp\/v2\/types\/product"}],"version-history":[{"count":2,"href":"https:\/\/flakhobby.com\/sr\/wp-json\/wp\/v2\/product\/9657\/revisions"}],"predecessor-version":[{"id":19354,"href":"https:\/\/flakhobby.com\/sr\/wp-json\/wp\/v2\/product\/9657\/revisions\/19354"}],"wp:featuredmedia":[{"embeddable":true,"href":"https:\/\/flakhobby.com\/sr\/wp-json\/wp\/v2\/media\/9659"}],"wp:attachment":[{"href":"https:\/\/flakhobby.com\/sr\/wp-json\/wp\/v2\/media?parent=9657"}],"wp:term":[{"taxonomy":"product_brand","embeddable":true,"href":"https:\/\/flakhobby.com\/sr\/wp-json\/wp\/v2\/product_brand?post=9657"},{"taxonomy":"product_cat","embeddable":true,"href":"https:\/\/flakhobby.com\/sr\/wp-json\/wp\/v2\/product_cat?post=9657"},{"taxonomy":"product_tag","embeddable":true,"href":"https:\/\/flakhobby.com\/sr\/wp-json\/wp\/v2\/product_tag?post=9657"}],"curies":[{"name":"wp","href":"https:\/\/api.w.org\/{rel}","templated":true}]}}