{"id":9654,"date":"2022-03-19T22:13:04","date_gmt":"2022-03-19T22:13:04","guid":{"rendered":"https:\/\/flakhobby.com\/?post_type=product&#038;p=9654"},"modified":"2023-08-01T12:10:48","modified_gmt":"2023-08-01T12:10:48","slug":"transparator-60ml","status":"publish","type":"product","link":"https:\/\/flakhobby.com\/sr\/\u043f\u0440\u043e\u0438\u0437\u0432\u043e\u0434\/transparator-60ml\/","title":{"rendered":"Transparator &#8211; 60mL"},"content":{"rendered":"<p>Akrilni razre\u0111iva\u010d pomo\u0107u kojeg se mogu posti\u0107i poluprovidni slojevi boje erbra\u0161em i \u010detkicom. Bezmirisan i netoksi\u010dan.<\/p>\n<p>&nbsp;<\/p>\n<p>&nbsp;<\/p>","protected":false},"excerpt":{"rendered":"<p>Akrilni razre\u0111iva\u010d za poluprovidne slojeve boje &#8211; 60mL<\/p>","protected":false},"featured_media":9655,"template":"","meta":[],"product_brand":[],"product_cat":[339,348],"product_tag":[],"class_list":{"0":"post-9654","1":"product","2":"type-product","3":"status-publish","4":"has-post-thumbnail","6":"product_cat-boje-i-razredivaci","7":"product_cat-razredivaci","8":"pa_brand-ammo","10":"first","11":"instock","12":"shipping-taxable","13":"purchasable","14":"product-type-simple"},"_links":{"self":[{"href":"https:\/\/flakhobby.com\/sr\/wp-json\/wp\/v2\/product\/9654","targetHints":{"allow":["GET"]}}],"collection":[{"href":"https:\/\/flakhobby.com\/sr\/wp-json\/wp\/v2\/product"}],"about":[{"href":"https:\/\/flakhobby.com\/sr\/wp-json\/wp\/v2\/types\/product"}],"version-history":[{"count":1,"href":"https:\/\/flakhobby.com\/sr\/wp-json\/wp\/v2\/product\/9654\/revisions"}],"predecessor-version":[{"id":9656,"href":"https:\/\/flakhobby.com\/sr\/wp-json\/wp\/v2\/product\/9654\/revisions\/9656"}],"wp:featuredmedia":[{"embeddable":true,"href":"https:\/\/flakhobby.com\/sr\/wp-json\/wp\/v2\/media\/9655"}],"wp:attachment":[{"href":"https:\/\/flakhobby.com\/sr\/wp-json\/wp\/v2\/media?parent=9654"}],"wp:term":[{"taxonomy":"product_brand","embeddable":true,"href":"https:\/\/flakhobby.com\/sr\/wp-json\/wp\/v2\/product_brand?post=9654"},{"taxonomy":"product_cat","embeddable":true,"href":"https:\/\/flakhobby.com\/sr\/wp-json\/wp\/v2\/product_cat?post=9654"},{"taxonomy":"product_tag","embeddable":true,"href":"https:\/\/flakhobby.com\/sr\/wp-json\/wp\/v2\/product_tag?post=9654"}],"curies":[{"name":"wp","href":"https:\/\/api.w.org\/{rel}","templated":true}]}}