{"id":9648,"date":"2022-03-19T22:08:55","date_gmt":"2022-03-19T22:08:55","guid":{"rendered":"https:\/\/flakhobby.com\/?post_type=product&#038;p=9648"},"modified":"2025-06-13T11:58:18","modified_gmt":"2025-06-13T11:58:18","slug":"anti-slip-pasta-boja-peska-1-35","status":"publish","type":"product","link":"https:\/\/flakhobby.com\/sr\/\u043f\u0440\u043e\u0438\u0437\u0432\u043e\u0434\/anti-slip-pasta-boja-peska-1-35\/","title":{"rendered":"Anti-Slip Pasta &#8211; Boja Peska 1\/35"},"content":{"rendered":"<p>Akrilna pasta za simuliranje non-slip povr\u0161ina u razmeri 1\/35 i ve\u0107im.<br \/>\nMo\u017ee se naneti \u010detkicom i \u010distiti vodom. Potpuno suvo u roku od 24 sata.<\/p>","protected":false},"excerpt":{"rendered":"<p>Pasta za simuliranje non-slip povr\u0161ina &#8211; 1\/35<\/p>","protected":false},"featured_media":9649,"template":"","meta":[],"product_brand":[],"product_cat":[368,358],"product_tag":[],"class_list":{"0":"post-9648","1":"product","2":"type-product","3":"status-publish","4":"has-post-thumbnail","6":"product_cat-ostalo","7":"product_cat-maketarski-alat-i-pribor","8":"pa_brand-ammo","10":"first","11":"outofstock","12":"shipping-taxable","13":"purchasable","14":"product-type-simple"},"_links":{"self":[{"href":"https:\/\/flakhobby.com\/sr\/wp-json\/wp\/v2\/product\/9648","targetHints":{"allow":["GET"]}}],"collection":[{"href":"https:\/\/flakhobby.com\/sr\/wp-json\/wp\/v2\/product"}],"about":[{"href":"https:\/\/flakhobby.com\/sr\/wp-json\/wp\/v2\/types\/product"}],"version-history":[{"count":1,"href":"https:\/\/flakhobby.com\/sr\/wp-json\/wp\/v2\/product\/9648\/revisions"}],"predecessor-version":[{"id":9653,"href":"https:\/\/flakhobby.com\/sr\/wp-json\/wp\/v2\/product\/9648\/revisions\/9653"}],"wp:featuredmedia":[{"embeddable":true,"href":"https:\/\/flakhobby.com\/sr\/wp-json\/wp\/v2\/media\/9649"}],"wp:attachment":[{"href":"https:\/\/flakhobby.com\/sr\/wp-json\/wp\/v2\/media?parent=9648"}],"wp:term":[{"taxonomy":"product_brand","embeddable":true,"href":"https:\/\/flakhobby.com\/sr\/wp-json\/wp\/v2\/product_brand?post=9648"},{"taxonomy":"product_cat","embeddable":true,"href":"https:\/\/flakhobby.com\/sr\/wp-json\/wp\/v2\/product_cat?post=9648"},{"taxonomy":"product_tag","embeddable":true,"href":"https:\/\/flakhobby.com\/sr\/wp-json\/wp\/v2\/product_tag?post=9648"}],"curies":[{"name":"wp","href":"https:\/\/api.w.org\/{rel}","templated":true}]}}