{"id":9644,"date":"2022-03-19T22:03:46","date_gmt":"2022-03-19T22:03:46","guid":{"rendered":"https:\/\/flakhobby.com\/?post_type=product&#038;p=9644"},"modified":"2026-02-17T13:28:06","modified_gmt":"2026-02-17T12:28:06","slug":"putty-acrylic","status":"publish","type":"product","link":"https:\/\/flakhobby.com\/sr\/\u043f\u0440\u043e\u0438\u0437\u0432\u043e\u0434\/putty-acrylic\/","title":{"rendered":"Putty &#8211; Acrylic"},"content":{"rendered":"<p>Akrilni git koji je mogu\u0107e razrediti vodom i lako naneti \u010detkicom. Nakon 24 sata su\u0161enja mo\u017ee se \u0161mirglati.<\/p>","protected":false},"excerpt":{"rendered":"<p>Akrilni git \u2013 20mL<\/p>","protected":false},"featured_media":9645,"template":"","meta":[],"product_brand":[],"product_cat":[361,358],"product_tag":[],"class_list":{"0":"post-9644","1":"product","2":"type-product","3":"status-publish","4":"has-post-thumbnail","6":"product_cat-gitovi","7":"product_cat-maketarski-alat-i-pribor","8":"pa_brand-ammo","10":"first","11":"outofstock","12":"shipping-taxable","13":"purchasable","14":"product-type-simple"},"_links":{"self":[{"href":"https:\/\/flakhobby.com\/sr\/wp-json\/wp\/v2\/product\/9644","targetHints":{"allow":["GET"]}}],"collection":[{"href":"https:\/\/flakhobby.com\/sr\/wp-json\/wp\/v2\/product"}],"about":[{"href":"https:\/\/flakhobby.com\/sr\/wp-json\/wp\/v2\/types\/product"}],"version-history":[{"count":2,"href":"https:\/\/flakhobby.com\/sr\/wp-json\/wp\/v2\/product\/9644\/revisions"}],"predecessor-version":[{"id":16539,"href":"https:\/\/flakhobby.com\/sr\/wp-json\/wp\/v2\/product\/9644\/revisions\/16539"}],"wp:featuredmedia":[{"embeddable":true,"href":"https:\/\/flakhobby.com\/sr\/wp-json\/wp\/v2\/media\/9645"}],"wp:attachment":[{"href":"https:\/\/flakhobby.com\/sr\/wp-json\/wp\/v2\/media?parent=9644"}],"wp:term":[{"taxonomy":"product_brand","embeddable":true,"href":"https:\/\/flakhobby.com\/sr\/wp-json\/wp\/v2\/product_brand?post=9644"},{"taxonomy":"product_cat","embeddable":true,"href":"https:\/\/flakhobby.com\/sr\/wp-json\/wp\/v2\/product_cat?post=9644"},{"taxonomy":"product_tag","embeddable":true,"href":"https:\/\/flakhobby.com\/sr\/wp-json\/wp\/v2\/product_tag?post=9644"}],"curies":[{"name":"wp","href":"https:\/\/api.w.org\/{rel}","templated":true}]}}