{"id":9639,"date":"2022-03-19T21:58:48","date_gmt":"2022-03-19T21:58:48","guid":{"rendered":"https:\/\/flakhobby.com\/?post_type=product&#038;p=9639"},"modified":"2026-04-28T17:13:00","modified_gmt":"2026-04-28T15:13:00","slug":"rubber-brush-set","status":"publish","type":"product","link":"https:\/\/flakhobby.com\/sr\/\u043f\u0440\u043e\u0438\u0437\u0432\u043e\u0434\/rubber-brush-set\/","title":{"rendered":"Rubber Brush Set"},"content":{"rendered":"<p>Set gumenih \u010detkica koje se mogu koristiti za nano\u0161enje i blendovanje pigmenata na razne delove makete &#8211; oru\u017eje, alat, kablove za vu\u010du, itd.<\/p>\n<p>Gumene \u010detkice se mogu koristiti za nano\u0161enje akrilih boja na fine detalje, npr instrumenti u kokpitu.<\/p>\n<p>Mo\u017ee se koristiti za oblikovanje raznih vrsta gline i masa za figure.<\/p>\n<p>&nbsp;<\/p>","protected":false},"excerpt":{"rendered":"<p>Set gumenih \u010detkica<\/p>","protected":false},"featured_media":9640,"template":"","meta":[],"product_brand":[],"product_cat":[360,358],"product_tag":[],"class_list":{"0":"post-9639","1":"product","2":"type-product","3":"status-publish","4":"has-post-thumbnail","6":"product_cat-cetkice","7":"product_cat-maketarski-alat-i-pribor","8":"pa_brand-ammo","10":"first","11":"outofstock","12":"shipping-taxable","13":"purchasable","14":"product-type-simple"},"_links":{"self":[{"href":"https:\/\/flakhobby.com\/sr\/wp-json\/wp\/v2\/product\/9639","targetHints":{"allow":["GET"]}}],"collection":[{"href":"https:\/\/flakhobby.com\/sr\/wp-json\/wp\/v2\/product"}],"about":[{"href":"https:\/\/flakhobby.com\/sr\/wp-json\/wp\/v2\/types\/product"}],"version-history":[{"count":1,"href":"https:\/\/flakhobby.com\/sr\/wp-json\/wp\/v2\/product\/9639\/revisions"}],"predecessor-version":[{"id":9643,"href":"https:\/\/flakhobby.com\/sr\/wp-json\/wp\/v2\/product\/9639\/revisions\/9643"}],"wp:featuredmedia":[{"embeddable":true,"href":"https:\/\/flakhobby.com\/sr\/wp-json\/wp\/v2\/media\/9640"}],"wp:attachment":[{"href":"https:\/\/flakhobby.com\/sr\/wp-json\/wp\/v2\/media?parent=9639"}],"wp:term":[{"taxonomy":"product_brand","embeddable":true,"href":"https:\/\/flakhobby.com\/sr\/wp-json\/wp\/v2\/product_brand?post=9639"},{"taxonomy":"product_cat","embeddable":true,"href":"https:\/\/flakhobby.com\/sr\/wp-json\/wp\/v2\/product_cat?post=9639"},{"taxonomy":"product_tag","embeddable":true,"href":"https:\/\/flakhobby.com\/sr\/wp-json\/wp\/v2\/product_tag?post=9639"}],"curies":[{"name":"wp","href":"https:\/\/api.w.org\/{rel}","templated":true}]}}