{"id":9618,"date":"2022-03-19T21:35:59","date_gmt":"2022-03-19T21:35:59","guid":{"rendered":"https:\/\/flakhobby.com\/?post_type=product&#038;p=9618"},"modified":"2022-03-19T21:35:59","modified_gmt":"2022-03-19T21:35:59","slug":"magic-dust","status":"publish","type":"product","link":"https:\/\/flakhobby.com\/sr\/\u043f\u0440\u043e\u0438\u0437\u0432\u043e\u0434\/magic-dust\/","title":{"rendered":"Magic Dust"},"content":{"rendered":"<p>Prah za armiranje superlepka. Ubrzava su\u0161enje superlepka, a spoj \u010dini znatno ja\u010dim. Mo\u017ee se koristiti za jake spojeve oko stajnih trapova itd.<br \/>\nPotpuno suvo nakon 5 minuta, a povr\u0161ina se mo\u017ee \u0161mirglati.<\/p>","protected":false},"excerpt":{"rendered":"<p>Prah za armiranje superlepka<\/p>","protected":false},"featured_media":9619,"template":"","meta":[],"product_brand":[],"product_cat":[358,359],"product_tag":[],"class_list":{"0":"post-9618","1":"product","2":"type-product","3":"status-publish","4":"has-post-thumbnail","6":"product_cat-maketarski-alat-i-pribor","7":"product_cat-lepkovi","8":"pa_brand-ammo","10":"first","11":"instock","12":"shipping-taxable","13":"purchasable","14":"product-type-simple"},"_links":{"self":[{"href":"https:\/\/flakhobby.com\/sr\/wp-json\/wp\/v2\/product\/9618","targetHints":{"allow":["GET"]}}],"collection":[{"href":"https:\/\/flakhobby.com\/sr\/wp-json\/wp\/v2\/product"}],"about":[{"href":"https:\/\/flakhobby.com\/sr\/wp-json\/wp\/v2\/types\/product"}],"version-history":[{"count":1,"href":"https:\/\/flakhobby.com\/sr\/wp-json\/wp\/v2\/product\/9618\/revisions"}],"predecessor-version":[{"id":9620,"href":"https:\/\/flakhobby.com\/sr\/wp-json\/wp\/v2\/product\/9618\/revisions\/9620"}],"wp:featuredmedia":[{"embeddable":true,"href":"https:\/\/flakhobby.com\/sr\/wp-json\/wp\/v2\/media\/9619"}],"wp:attachment":[{"href":"https:\/\/flakhobby.com\/sr\/wp-json\/wp\/v2\/media?parent=9618"}],"wp:term":[{"taxonomy":"product_brand","embeddable":true,"href":"https:\/\/flakhobby.com\/sr\/wp-json\/wp\/v2\/product_brand?post=9618"},{"taxonomy":"product_cat","embeddable":true,"href":"https:\/\/flakhobby.com\/sr\/wp-json\/wp\/v2\/product_cat?post=9618"},{"taxonomy":"product_tag","embeddable":true,"href":"https:\/\/flakhobby.com\/sr\/wp-json\/wp\/v2\/product_tag?post=9618"}],"curies":[{"name":"wp","href":"https:\/\/api.w.org\/{rel}","templated":true}]}}