{"id":9614,"date":"2022-03-19T21:32:23","date_gmt":"2022-03-19T21:32:23","guid":{"rendered":"https:\/\/flakhobby.com\/?post_type=product&#038;p=9614"},"modified":"2025-01-25T12:20:17","modified_gmt":"2025-01-25T12:20:17","slug":"debonder-za-skidanje-superlepka","status":"publish","type":"product","link":"https:\/\/flakhobby.com\/sr\/\u043f\u0440\u043e\u0438\u0437\u0432\u043e\u0434\/debonder-za-skidanje-superlepka\/","title":{"rendered":"Debonder za skidanje superlepka"},"content":{"rendered":"<p>Debonder se mo\u017ee koristiti na plastici, rezinu i eceraju. Samo je potrebno naneti \u010detkicom na superlepak i ostaviti da deluje oko 45 sekundi, a potom o\u010distiti povr\u0161inu.<br \/>\nNe koristiti na obojenim povr\u0161inama jer \u0107e pojesti boju.<\/p>\n<p>&nbsp;<\/p>","protected":false},"excerpt":{"rendered":"<p>Sredstvo za skidanje superlepka &#8211; 20 mL<\/p>","protected":false},"featured_media":9615,"template":"","meta":[],"product_brand":[],"product_cat":[358,359],"product_tag":[],"class_list":{"0":"post-9614","1":"product","2":"type-product","3":"status-publish","4":"has-post-thumbnail","6":"product_cat-maketarski-alat-i-pribor","7":"product_cat-lepkovi","8":"pa_brand-ammo","10":"first","11":"outofstock","12":"shipping-taxable","13":"purchasable","14":"product-type-simple"},"_links":{"self":[{"href":"https:\/\/flakhobby.com\/sr\/wp-json\/wp\/v2\/product\/9614","targetHints":{"allow":["GET"]}}],"collection":[{"href":"https:\/\/flakhobby.com\/sr\/wp-json\/wp\/v2\/product"}],"about":[{"href":"https:\/\/flakhobby.com\/sr\/wp-json\/wp\/v2\/types\/product"}],"version-history":[{"count":2,"href":"https:\/\/flakhobby.com\/sr\/wp-json\/wp\/v2\/product\/9614\/revisions"}],"predecessor-version":[{"id":19468,"href":"https:\/\/flakhobby.com\/sr\/wp-json\/wp\/v2\/product\/9614\/revisions\/19468"}],"wp:featuredmedia":[{"embeddable":true,"href":"https:\/\/flakhobby.com\/sr\/wp-json\/wp\/v2\/media\/9615"}],"wp:attachment":[{"href":"https:\/\/flakhobby.com\/sr\/wp-json\/wp\/v2\/media?parent=9614"}],"wp:term":[{"taxonomy":"product_brand","embeddable":true,"href":"https:\/\/flakhobby.com\/sr\/wp-json\/wp\/v2\/product_brand?post=9614"},{"taxonomy":"product_cat","embeddable":true,"href":"https:\/\/flakhobby.com\/sr\/wp-json\/wp\/v2\/product_cat?post=9614"},{"taxonomy":"product_tag","embeddable":true,"href":"https:\/\/flakhobby.com\/sr\/wp-json\/wp\/v2\/product_tag?post=9614"}],"curies":[{"name":"wp","href":"https:\/\/api.w.org\/{rel}","templated":true}]}}