{"id":9582,"date":"2022-03-13T18:14:05","date_gmt":"2022-03-13T18:14:05","guid":{"rendered":"https:\/\/flakhobby.com\/?post_type=product&#038;p=9582"},"modified":"2025-07-22T11:51:50","modified_gmt":"2025-07-22T11:51:50","slug":"ultra-decal-set","status":"publish","type":"product","link":"https:\/\/flakhobby.com\/sr\/\u043f\u0440\u043e\u0438\u0437\u0432\u043e\u0434\/ultra-decal-set\/","title":{"rendered":"Ultra Decal &#8211; Set"},"content":{"rendered":"<p>Sredstvo za omek\u0161avanje dekala kako bi ulegli u sve detalje na maketi. Najbolje je da se nanosi na sjajni lak.<\/p>\n<p>Za vi\u0161e informacija o kori\u0161\u0107enju pogledajte ovaj <a href=\"https:\/\/www.youtube.com\/watch?v=OFHBi6TrVSs\" target=\"_blank\" rel=\"noopener\">video<\/a><\/p>","protected":false},"excerpt":{"rendered":"<p>Dekal seter za omek\u0161avanje dekala &#8211; 30mL<\/p>","protected":false},"featured_media":9583,"template":"","meta":[],"product_brand":[],"product_cat":[362,358],"product_tag":[],"class_list":{"0":"post-9582","1":"product","2":"type-product","3":"status-publish","4":"has-post-thumbnail","6":"product_cat-sredstva-za-dekale","7":"product_cat-maketarski-alat-i-pribor","8":"pa_brand-ammo","10":"first","11":"outofstock","12":"shipping-taxable","13":"purchasable","14":"product-type-simple"},"_links":{"self":[{"href":"https:\/\/flakhobby.com\/sr\/wp-json\/wp\/v2\/product\/9582","targetHints":{"allow":["GET"]}}],"collection":[{"href":"https:\/\/flakhobby.com\/sr\/wp-json\/wp\/v2\/product"}],"about":[{"href":"https:\/\/flakhobby.com\/sr\/wp-json\/wp\/v2\/types\/product"}],"version-history":[{"count":1,"href":"https:\/\/flakhobby.com\/sr\/wp-json\/wp\/v2\/product\/9582\/revisions"}],"predecessor-version":[{"id":9584,"href":"https:\/\/flakhobby.com\/sr\/wp-json\/wp\/v2\/product\/9582\/revisions\/9584"}],"wp:featuredmedia":[{"embeddable":true,"href":"https:\/\/flakhobby.com\/sr\/wp-json\/wp\/v2\/media\/9583"}],"wp:attachment":[{"href":"https:\/\/flakhobby.com\/sr\/wp-json\/wp\/v2\/media?parent=9582"}],"wp:term":[{"taxonomy":"product_brand","embeddable":true,"href":"https:\/\/flakhobby.com\/sr\/wp-json\/wp\/v2\/product_brand?post=9582"},{"taxonomy":"product_cat","embeddable":true,"href":"https:\/\/flakhobby.com\/sr\/wp-json\/wp\/v2\/product_cat?post=9582"},{"taxonomy":"product_tag","embeddable":true,"href":"https:\/\/flakhobby.com\/sr\/wp-json\/wp\/v2\/product_tag?post=9582"}],"curies":[{"name":"wp","href":"https:\/\/api.w.org\/{rel}","templated":true}]}}