{"id":9370,"date":"2022-03-13T12:39:58","date_gmt":"2022-03-13T12:39:58","guid":{"rendered":"https:\/\/flakhobby.com\/?post_type=product&#038;p=9370"},"modified":"2025-10-07T11:13:26","modified_gmt":"2025-10-07T11:13:26","slug":"f-a-18d-hornet-atars","status":"publish","type":"product","link":"https:\/\/flakhobby.com\/sr\/\u043f\u0440\u043e\u0438\u0437\u0432\u043e\u0434\/f-a-18d-hornet-atars\/","title":{"rendered":"F\/A-18D Hornet &#8211; ATARS"},"content":{"rendered":"<p>Plasti\u010dna maketa ameri\u010dkog mornari\u010dkog aviona F\/A-18D Hornet sa ATARS (Advanced Tactical Airborne Reconnaissance System).<br \/>\nOznake:<\/p>\n<h6><img decoding=\"async\" title=\"US\" src=\"https:\/\/www.scalemates.com\/static\/images\/flags7\/32\/US.png\" alt=\"US\" width=\"16\" height=\"16\" \/>\u00a0US Navy (1794-now)<\/h6>\n<ul class=\"ut\">\n<li class=\"dco\"><strong>VMFA(AW)-224 Bengals<\/strong>\u00a0<span class=\"nw bgd\">164886<\/span><br \/>\n<span class=\"nw bgb\">2009<\/span>\u00a0&#8211; MCAS Iwakuni\u00a0<img decoding=\"async\" title=\"JP\" src=\"https:\/\/www.scalemates.com\/static\/images\/flags7\/32\/JP.png\" alt=\"JP\" width=\"16\" height=\"16\" \/><br \/>\n<span class=\"nw\" title=\"Light Ghost Grey\">FS36375<\/span>\u00a0<span class=\"nw\" title=\"Dark Ghost Grey\">FS36320<\/span>\u00a0<span class=\"nw\" title=\"\">FS36118<\/span><\/li>\n<li class=\"dco\"><strong>VMFA(AW)-224 Bengals<\/strong>\u00a0<span class=\"nw bgd\">164876<\/span><br \/>\n<span class=\"nw bgb\">2017<\/span>\u00a0Operation Inherent Resolve &#8211; CENTCOM<br \/>\n<span class=\"nw\" title=\"Light Ghost Grey\">FS36375<\/span>\u00a0<span class=\"nw\" title=\"Dark Ghost Grey\">FS36320<\/span><\/li>\n<li class=\"dco\"><strong>VMFA(AW)-332 Moonlighters<\/strong>\u00a0<span class=\"nw bgd\">164951<\/span><br \/>\n<span class=\"nw bgb\">1999<\/span>\u00a0Operation Allied Force &#8211; Tazsar AB\u00a0<img decoding=\"async\" title=\"HU\" src=\"https:\/\/www.scalemates.com\/static\/images\/flags7\/32\/HU.png\" alt=\"HU\" width=\"16\" height=\"16\" \/><br \/>\n<span class=\"nw\" title=\"Light Ghost Grey\">FS36375<\/span>\u00a0<span class=\"nw\" title=\"Dark Ghost Grey\">FS36320<\/span><\/li>\n<\/ul>","protected":false},"excerpt":{"rendered":"<p>Sadr\u017ei:<\/p>\n<ul>\n<li>Plasti\u010dna maketa &#8211; 1\/48<\/li>\n<li>Dekali &#8211; 3 opcije<\/li>\n<li>Sastavnica<\/li>\n<\/ul>","protected":false},"featured_media":9371,"template":"","meta":[],"product_brand":[],"product_cat":[15,329],"product_tag":[],"class_list":{"0":"post-9370","1":"product","2":"type-product","3":"status-publish","4":"has-post-thumbnail","6":"product_cat-plasticne-makete","7":"product_cat-vojni-avioni-i-helikopteri","8":"pa_brand-kinetic","10":"first","11":"instock","12":"shipping-taxable","13":"purchasable","14":"product-type-simple"},"_links":{"self":[{"href":"https:\/\/flakhobby.com\/sr\/wp-json\/wp\/v2\/product\/9370","targetHints":{"allow":["GET"]}}],"collection":[{"href":"https:\/\/flakhobby.com\/sr\/wp-json\/wp\/v2\/product"}],"about":[{"href":"https:\/\/flakhobby.com\/sr\/wp-json\/wp\/v2\/types\/product"}],"version-history":[{"count":1,"href":"https:\/\/flakhobby.com\/sr\/wp-json\/wp\/v2\/product\/9370\/revisions"}],"predecessor-version":[{"id":9372,"href":"https:\/\/flakhobby.com\/sr\/wp-json\/wp\/v2\/product\/9370\/revisions\/9372"}],"wp:featuredmedia":[{"embeddable":true,"href":"https:\/\/flakhobby.com\/sr\/wp-json\/wp\/v2\/media\/9371"}],"wp:attachment":[{"href":"https:\/\/flakhobby.com\/sr\/wp-json\/wp\/v2\/media?parent=9370"}],"wp:term":[{"taxonomy":"product_brand","embeddable":true,"href":"https:\/\/flakhobby.com\/sr\/wp-json\/wp\/v2\/product_brand?post=9370"},{"taxonomy":"product_cat","embeddable":true,"href":"https:\/\/flakhobby.com\/sr\/wp-json\/wp\/v2\/product_cat?post=9370"},{"taxonomy":"product_tag","embeddable":true,"href":"https:\/\/flakhobby.com\/sr\/wp-json\/wp\/v2\/product_tag?post=9370"}],"curies":[{"name":"wp","href":"https:\/\/api.w.org\/{rel}","templated":true}]}}