{"id":9330,"date":"2022-03-13T09:48:07","date_gmt":"2022-03-13T09:48:07","guid":{"rendered":"https:\/\/flakhobby.com\/?post_type=product&#038;p=9330"},"modified":"2026-02-11T20:59:21","modified_gmt":"2026-02-11T19:59:21","slug":"f-104a-c-usaf","status":"publish","type":"product","link":"https:\/\/flakhobby.com\/sr\/\u043f\u0440\u043e\u0438\u0437\u0432\u043e\u0434\/f-104a-c-usaf\/","title":{"rendered":"F-104A\/C USAF"},"content":{"rendered":"<p>Plasti\u010dna maketa \u010duvenog ameri\u010dkog mlaznjaka F-104A\/C Starfighter u razmeri 1\/48.<br \/>\nKona\u010dno i u kutiji sa ameri\u010dkim oznakama koje kao i za sve Kinetic makete radi Cartograf.<\/p>","protected":false},"excerpt":{"rendered":"<p>Sadr\u017ei:<\/p>\n<ul>\n<li>Plasti\u010dna maketa &#8211; 1\/48<\/li>\n<li>Cartograf dekali<\/li>\n<li>Sastavnica<\/li>\n<\/ul>","protected":false},"featured_media":9337,"template":"","meta":[],"product_brand":[],"product_cat":[15,329],"product_tag":[],"class_list":{"0":"post-9330","1":"product","2":"type-product","3":"status-publish","4":"has-post-thumbnail","6":"product_cat-plasticne-makete","7":"product_cat-vojni-avioni-i-helikopteri","8":"pa_brand-kinetic","10":"first","11":"instock","12":"shipping-taxable","13":"purchasable","14":"product-type-simple"},"_links":{"self":[{"href":"https:\/\/flakhobby.com\/sr\/wp-json\/wp\/v2\/product\/9330","targetHints":{"allow":["GET"]}}],"collection":[{"href":"https:\/\/flakhobby.com\/sr\/wp-json\/wp\/v2\/product"}],"about":[{"href":"https:\/\/flakhobby.com\/sr\/wp-json\/wp\/v2\/types\/product"}],"version-history":[{"count":2,"href":"https:\/\/flakhobby.com\/sr\/wp-json\/wp\/v2\/product\/9330\/revisions"}],"predecessor-version":[{"id":29053,"href":"https:\/\/flakhobby.com\/sr\/wp-json\/wp\/v2\/product\/9330\/revisions\/29053"}],"wp:featuredmedia":[{"embeddable":true,"href":"https:\/\/flakhobby.com\/sr\/wp-json\/wp\/v2\/media\/9337"}],"wp:attachment":[{"href":"https:\/\/flakhobby.com\/sr\/wp-json\/wp\/v2\/media?parent=9330"}],"wp:term":[{"taxonomy":"product_brand","embeddable":true,"href":"https:\/\/flakhobby.com\/sr\/wp-json\/wp\/v2\/product_brand?post=9330"},{"taxonomy":"product_cat","embeddable":true,"href":"https:\/\/flakhobby.com\/sr\/wp-json\/wp\/v2\/product_cat?post=9330"},{"taxonomy":"product_tag","embeddable":true,"href":"https:\/\/flakhobby.com\/sr\/wp-json\/wp\/v2\/product_tag?post=9330"}],"curies":[{"name":"wp","href":"https:\/\/api.w.org\/{rel}","templated":true}]}}