{"id":9289,"date":"2022-03-09T22:32:43","date_gmt":"2022-03-09T22:32:43","guid":{"rendered":"https:\/\/flakhobby.com\/?post_type=product&#038;p=9289"},"modified":"2026-03-20T16:12:56","modified_gmt":"2026-03-20T15:12:56","slug":"dark-brown-wash-for-green-vehicles","status":"publish","type":"product","link":"https:\/\/flakhobby.com\/sr\/\u043f\u0440\u043e\u0438\u0437\u0432\u043e\u0434\/dark-brown-wash-for-green-vehicles\/","title":{"rendered":"Dark Brown Wash for Green Vehicles"},"content":{"rendered":"<p>Braon vo\u0161 za zelena vozila. Naneti oko detalja i ukloniti vi\u0161ak \u010distom \u010detkicom navla\u017eenom AMIG-2018 Emajl razre\u0111iva\u010dem.<br \/>\nVi\u0161e informacija o kori\u0161\u0107enju ovih vo\u0161eva mo\u017eete pogledati na ovom linku:\u00a0<a href=\"https:\/\/www.youtube.com\/watch?v=aDXFyq3_ut4\" target=\"_blank\" rel=\"noopener\">https:\/\/www.youtube.com\/watch?v=aDXFyq3_ut4<\/a><\/p>","protected":false},"excerpt":{"rendered":"<p>Emajl vo\u0161 35mL<\/p>","protected":false},"featured_media":9290,"template":"","meta":[],"product_brand":[],"product_cat":[349,350],"product_tag":[],"class_list":{"0":"post-9289","1":"product","2":"type-product","3":"status-publish","4":"has-post-thumbnail","6":"product_cat-weathering","7":"product_cat-emajl-vos","8":"pa_brand-ammo","10":"first","11":"outofstock","12":"shipping-taxable","13":"purchasable","14":"product-type-simple"},"_links":{"self":[{"href":"https:\/\/flakhobby.com\/sr\/wp-json\/wp\/v2\/product\/9289","targetHints":{"allow":["GET"]}}],"collection":[{"href":"https:\/\/flakhobby.com\/sr\/wp-json\/wp\/v2\/product"}],"about":[{"href":"https:\/\/flakhobby.com\/sr\/wp-json\/wp\/v2\/types\/product"}],"version-history":[{"count":2,"href":"https:\/\/flakhobby.com\/sr\/wp-json\/wp\/v2\/product\/9289\/revisions"}],"predecessor-version":[{"id":27516,"href":"https:\/\/flakhobby.com\/sr\/wp-json\/wp\/v2\/product\/9289\/revisions\/27516"}],"wp:featuredmedia":[{"embeddable":true,"href":"https:\/\/flakhobby.com\/sr\/wp-json\/wp\/v2\/media\/9290"}],"wp:attachment":[{"href":"https:\/\/flakhobby.com\/sr\/wp-json\/wp\/v2\/media?parent=9289"}],"wp:term":[{"taxonomy":"product_brand","embeddable":true,"href":"https:\/\/flakhobby.com\/sr\/wp-json\/wp\/v2\/product_brand?post=9289"},{"taxonomy":"product_cat","embeddable":true,"href":"https:\/\/flakhobby.com\/sr\/wp-json\/wp\/v2\/product_cat?post=9289"},{"taxonomy":"product_tag","embeddable":true,"href":"https:\/\/flakhobby.com\/sr\/wp-json\/wp\/v2\/product_tag?post=9289"}],"curies":[{"name":"wp","href":"https:\/\/api.w.org\/{rel}","templated":true}]}}