{"id":9251,"date":"2022-03-09T22:04:05","date_gmt":"2022-03-09T22:04:05","guid":{"rendered":"https:\/\/flakhobby.com\/?post_type=product&#038;p=9251"},"modified":"2025-10-10T11:09:14","modified_gmt":"2025-10-10T11:09:14","slug":"titans-hobby-providni-sjajni-lak-prajmer","status":"publish","type":"product","link":"https:\/\/flakhobby.com\/sr\/\u043f\u0440\u043e\u0438\u0437\u0432\u043e\u0434\/titans-hobby-providni-sjajni-lak-prajmer\/","title":{"rendered":"Titans Hobby: Providni Sjajni Lak\/Prajmer"},"content":{"rendered":"<p>Vrhunski prajmer u spreju sa kojim se posti\u017ee glatka i otporna povr\u0161ina na plastici, metalu i rezinu.<br \/>\nPreko ovog prajmera je mogu\u0107e koristiti sve vrste boja &#8211; akril, lacquer, emajl, itd. S obzirom na to da je ovaj prajmer dostupan u vi\u0161e nijansi, mo\u017ee se koristiti i kao osnovna boja.<\/p>\n<p>Boce imaju vrlo finu diznu i mogu\u0107e je naneti vrlo tanke slojeve, ukoliko je to neophodno.<\/p>\n<p>Akrilni proizvod, suv na dodir u roku od 15 minuta, a potpuno u roku od 45 minuta. Dobro tresti 30ak sekundi i prskati sa udaljenosti od 15-20cm.<\/p>","protected":false},"excerpt":{"rendered":"<p>Providni sjajni lak\/prajmer u spreju &#8211; 400mL<\/p>","protected":false},"featured_media":9287,"template":"","meta":[],"product_brand":[],"product_cat":[532,339,358,363],"product_tag":[],"class_list":{"0":"post-9251","1":"product","2":"type-product","3":"status-publish","4":"has-post-thumbnail","6":"product_cat-spray-paint","7":"product_cat-boje-i-razredivaci","8":"product_cat-maketarski-alat-i-pribor","9":"product_cat-lakovi","10":"pa_brand-titans-hobby","12":"first","13":"outofstock","14":"shipping-taxable","15":"purchasable","16":"product-type-simple"},"_links":{"self":[{"href":"https:\/\/flakhobby.com\/sr\/wp-json\/wp\/v2\/product\/9251","targetHints":{"allow":["GET"]}}],"collection":[{"href":"https:\/\/flakhobby.com\/sr\/wp-json\/wp\/v2\/product"}],"about":[{"href":"https:\/\/flakhobby.com\/sr\/wp-json\/wp\/v2\/types\/product"}],"version-history":[{"count":2,"href":"https:\/\/flakhobby.com\/sr\/wp-json\/wp\/v2\/product\/9251\/revisions"}],"predecessor-version":[{"id":24082,"href":"https:\/\/flakhobby.com\/sr\/wp-json\/wp\/v2\/product\/9251\/revisions\/24082"}],"wp:featuredmedia":[{"embeddable":true,"href":"https:\/\/flakhobby.com\/sr\/wp-json\/wp\/v2\/media\/9287"}],"wp:attachment":[{"href":"https:\/\/flakhobby.com\/sr\/wp-json\/wp\/v2\/media?parent=9251"}],"wp:term":[{"taxonomy":"product_brand","embeddable":true,"href":"https:\/\/flakhobby.com\/sr\/wp-json\/wp\/v2\/product_brand?post=9251"},{"taxonomy":"product_cat","embeddable":true,"href":"https:\/\/flakhobby.com\/sr\/wp-json\/wp\/v2\/product_cat?post=9251"},{"taxonomy":"product_tag","embeddable":true,"href":"https:\/\/flakhobby.com\/sr\/wp-json\/wp\/v2\/product_tag?post=9251"}],"curies":[{"name":"wp","href":"https:\/\/api.w.org\/{rel}","templated":true}]}}