{"id":9233,"date":"2022-03-09T21:55:32","date_gmt":"2022-03-09T21:55:32","guid":{"rendered":"https:\/\/flakhobby.com\/?post_type=product&#038;p=9233"},"modified":"2025-05-26T10:31:29","modified_gmt":"2025-05-26T10:31:29","slug":"titans-hobby-black-mat-primer","status":"publish","type":"product","link":"https:\/\/flakhobby.com\/sr\/\u043f\u0440\u043e\u0438\u0437\u0432\u043e\u0434\/titans-hobby-black-mat-primer\/","title":{"rendered":"Titans Hobby: Black Mat Primer"},"content":{"rendered":"<p>Vrhunski prajmer u spreju sa kojim se posti\u017ee glatka i otporna povr\u0161ina na plastici, metalu i rezinu.<br \/>\nPreko ovog prajmera je mogu\u0107e koristiti sve vrste boja &#8211; akril, lacquer, emajl, itd. S obzirom na to da je ovaj prajmer dostupan u vi\u0161e nijansi, mo\u017ee se koristiti i kao osnovna boja.<\/p>\n<p>Boce imaju vrlo finu diznu i mogu\u0107e je naneti vrlo tanke slojeve, ukoliko je to neophodno.<\/p>\n<p>Akrilni proizvod, suv na dodir u roku od 15 minuta, a potpuno u roku od 45 minuta. Dobro tresti 30ak sekundi i prskati sa udaljenosti od 15-20cm.<\/p>\n<p>&nbsp;<\/p>\n<p>&nbsp;<\/p>","protected":false},"excerpt":{"rendered":"<p>Prajmer u spreju &#8211; 400mL<\/p>","protected":false},"featured_media":9234,"template":"","meta":[],"product_brand":[],"product_cat":[532,339],"product_tag":[],"class_list":{"0":"post-9233","1":"product","2":"type-product","3":"status-publish","4":"has-post-thumbnail","6":"product_cat-spray-paint","7":"product_cat-boje-i-razredivaci","8":"pa_brand-titans-hobby","10":"first","11":"outofstock","12":"shipping-taxable","13":"purchasable","14":"product-type-simple"},"_links":{"self":[{"href":"https:\/\/flakhobby.com\/sr\/wp-json\/wp\/v2\/product\/9233","targetHints":{"allow":["GET"]}}],"collection":[{"href":"https:\/\/flakhobby.com\/sr\/wp-json\/wp\/v2\/product"}],"about":[{"href":"https:\/\/flakhobby.com\/sr\/wp-json\/wp\/v2\/types\/product"}],"version-history":[{"count":1,"href":"https:\/\/flakhobby.com\/sr\/wp-json\/wp\/v2\/product\/9233\/revisions"}],"predecessor-version":[{"id":9235,"href":"https:\/\/flakhobby.com\/sr\/wp-json\/wp\/v2\/product\/9233\/revisions\/9235"}],"wp:featuredmedia":[{"embeddable":true,"href":"https:\/\/flakhobby.com\/sr\/wp-json\/wp\/v2\/media\/9234"}],"wp:attachment":[{"href":"https:\/\/flakhobby.com\/sr\/wp-json\/wp\/v2\/media?parent=9233"}],"wp:term":[{"taxonomy":"product_brand","embeddable":true,"href":"https:\/\/flakhobby.com\/sr\/wp-json\/wp\/v2\/product_brand?post=9233"},{"taxonomy":"product_cat","embeddable":true,"href":"https:\/\/flakhobby.com\/sr\/wp-json\/wp\/v2\/product_cat?post=9233"},{"taxonomy":"product_tag","embeddable":true,"href":"https:\/\/flakhobby.com\/sr\/wp-json\/wp\/v2\/product_tag?post=9233"}],"curies":[{"name":"wp","href":"https:\/\/api.w.org\/{rel}","templated":true}]}}