{"id":9199,"date":"2022-03-09T21:30:35","date_gmt":"2022-03-09T21:30:35","guid":{"rendered":"https:\/\/flakhobby.com\/?post_type=product&#038;p=9199"},"modified":"2026-01-29T16:20:30","modified_gmt":"2026-01-29T15:20:30","slug":"acrylic-wash-dark-wash","status":"publish","type":"product","link":"https:\/\/flakhobby.com\/sr\/\u043f\u0440\u043e\u0438\u0437\u0432\u043e\u0434\/acrylic-wash-dark-wash\/","title":{"rendered":"Acrylic Wash &#8211; Dark Wash"},"content":{"rendered":"<p>Vo\u0161evi su jedna od najstarijih i najbitnijih tehnika u maketarstvu.<br \/>\nU ponudi od AMMO by Mig imamo emajl i akrilne vo\u0161eve. Obe vrste imaju svoje prednosti. Akrili specifi\u010dno nemaju jak miris, nisu toksi\u010dni, mogu se \u010distiti i razre\u0111ivati vodom ili AMIG2000 razre\u0111iva\u010dem, a su\u0161e se relativno brzo.<\/p>\n<p>Dolaze u plasti\u010dnoj posudici sa kapalicom kao i ve\u0107ina AMMO by Mig proizvoda.<\/p>\n<p>Vi\u0161e informacija o kori\u0161\u0107enju akrilnih vo\u0161eva mo\u017eete na\u0107i na ovom <a href=\"https:\/\/www.youtube.com\/watch?v=tHU2YNigSVo\" target=\"_blank\" rel=\"noopener\">linku<\/a>.<\/p>","protected":false},"excerpt":{"rendered":"<p>Akrilni vo\u0161 &#8211; 15mL<\/p>","protected":false},"featured_media":9200,"template":"","meta":[],"product_brand":[],"product_cat":[349,351],"product_tag":[],"class_list":{"0":"post-9199","1":"product","2":"type-product","3":"status-publish","4":"has-post-thumbnail","6":"product_cat-weathering","7":"product_cat-akrilni-vos","8":"pa_brand-ammo","10":"first","11":"instock","12":"shipping-taxable","13":"purchasable","14":"product-type-simple"},"_links":{"self":[{"href":"https:\/\/flakhobby.com\/sr\/wp-json\/wp\/v2\/product\/9199","targetHints":{"allow":["GET"]}}],"collection":[{"href":"https:\/\/flakhobby.com\/sr\/wp-json\/wp\/v2\/product"}],"about":[{"href":"https:\/\/flakhobby.com\/sr\/wp-json\/wp\/v2\/types\/product"}],"version-history":[{"count":2,"href":"https:\/\/flakhobby.com\/sr\/wp-json\/wp\/v2\/product\/9199\/revisions"}],"predecessor-version":[{"id":27522,"href":"https:\/\/flakhobby.com\/sr\/wp-json\/wp\/v2\/product\/9199\/revisions\/27522"}],"wp:featuredmedia":[{"embeddable":true,"href":"https:\/\/flakhobby.com\/sr\/wp-json\/wp\/v2\/media\/9200"}],"wp:attachment":[{"href":"https:\/\/flakhobby.com\/sr\/wp-json\/wp\/v2\/media?parent=9199"}],"wp:term":[{"taxonomy":"product_brand","embeddable":true,"href":"https:\/\/flakhobby.com\/sr\/wp-json\/wp\/v2\/product_brand?post=9199"},{"taxonomy":"product_cat","embeddable":true,"href":"https:\/\/flakhobby.com\/sr\/wp-json\/wp\/v2\/product_cat?post=9199"},{"taxonomy":"product_tag","embeddable":true,"href":"https:\/\/flakhobby.com\/sr\/wp-json\/wp\/v2\/product_tag?post=9199"}],"curies":[{"name":"wp","href":"https:\/\/api.w.org\/{rel}","templated":true}]}}