{"id":9099,"date":"2022-03-08T20:58:39","date_gmt":"2022-03-08T20:58:39","guid":{"rendered":"https:\/\/flakhobby.com\/?post_type=product&#038;p=9099"},"modified":"2024-08-02T14:52:09","modified_gmt":"2024-08-02T14:52:09","slug":"aces-high-08-captured","status":"publish","type":"product","link":"https:\/\/flakhobby.com\/sr\/\u043f\u0440\u043e\u0438\u0437\u0432\u043e\u0434\/aces-high-08-captured\/","title":{"rendered":"Aces High 08: Captured"},"content":{"rendered":"<p>AK Interactive Aces High 08 \u010dasopis na engleskom jeziku. Ovo izdanje je posve\u0107eno zato\u010denim avionima.<\/p>\n<p>Obra\u0111eni avioni u ovom izdanju:<\/p>\n<p>_ P-51B Mustang. The wild horse from Zirkus Rosarius.<br \/>\n_ Pfalz D.III A. The unlucky german<br \/>\n_ JU 87 D-3 \u201cStuka\u201d. Un der new management.<br \/>\n_ Mig 21 F-13 \u201cFishbed\u201d. James Bond Mig 007<br \/>\n_ Fw 190A5. The blue hunter<br \/>\n_ Sukhoi SU-25. The gulf war escape<br \/>\n_ VW Type 166 Schwimmwagen. The swimming beetle.<\/p>","protected":false},"excerpt":{"rendered":"<p>Aces High \u010dasopis N0.08 &#8211; zato\u010deni avioni<\/p>","protected":false},"featured_media":9100,"template":"","meta":[],"product_brand":[],"product_cat":[374],"product_tag":[],"class_list":{"0":"post-9099","1":"product","2":"type-product","3":"status-publish","4":"has-post-thumbnail","6":"product_cat-knjige-casopisi","7":"pa_brand-ak-interactive","9":"first","10":"instock","11":"shipping-taxable","12":"purchasable","13":"product-type-simple"},"_links":{"self":[{"href":"https:\/\/flakhobby.com\/sr\/wp-json\/wp\/v2\/product\/9099","targetHints":{"allow":["GET"]}}],"collection":[{"href":"https:\/\/flakhobby.com\/sr\/wp-json\/wp\/v2\/product"}],"about":[{"href":"https:\/\/flakhobby.com\/sr\/wp-json\/wp\/v2\/types\/product"}],"version-history":[{"count":2,"href":"https:\/\/flakhobby.com\/sr\/wp-json\/wp\/v2\/product\/9099\/revisions"}],"predecessor-version":[{"id":14340,"href":"https:\/\/flakhobby.com\/sr\/wp-json\/wp\/v2\/product\/9099\/revisions\/14340"}],"wp:featuredmedia":[{"embeddable":true,"href":"https:\/\/flakhobby.com\/sr\/wp-json\/wp\/v2\/media\/9100"}],"wp:attachment":[{"href":"https:\/\/flakhobby.com\/sr\/wp-json\/wp\/v2\/media?parent=9099"}],"wp:term":[{"taxonomy":"product_brand","embeddable":true,"href":"https:\/\/flakhobby.com\/sr\/wp-json\/wp\/v2\/product_brand?post=9099"},{"taxonomy":"product_cat","embeddable":true,"href":"https:\/\/flakhobby.com\/sr\/wp-json\/wp\/v2\/product_cat?post=9099"},{"taxonomy":"product_tag","embeddable":true,"href":"https:\/\/flakhobby.com\/sr\/wp-json\/wp\/v2\/product_tag?post=9099"}],"curies":[{"name":"wp","href":"https:\/\/api.w.org\/{rel}","templated":true}]}}