{"id":9032,"date":"2022-03-07T20:50:17","date_gmt":"2022-03-07T20:50:17","guid":{"rendered":"https:\/\/flakhobby.com\/?post_type=product&#038;p=9032"},"modified":"2023-03-20T22:30:44","modified_gmt":"2023-03-20T22:30:44","slug":"resin-water-2-components-epoxy-resin-180ml","status":"publish","type":"product","link":"https:\/\/flakhobby.com\/sr\/\u043f\u0440\u043e\u0438\u0437\u0432\u043e\u0434\/resin-water-2-components-epoxy-resin-180ml\/","title":{"rendered":"Resin Water &#8211; 2 Components Epoxy resin 180mL"},"content":{"rendered":"<p>Bezmirisni dvokomponentni epoksi rezin za simuliranje kristalno \u010diste vode za diorame.<br \/>\nSadr\u017ei dva \u0161prica i instrukcije na kutiji. Ne skuplja se i ne ostavlja balon\u010di\u0107e. Su\u0161i se potpuno providno u toku 24 sata.<\/p>","protected":false},"excerpt":{"rendered":"<p>Bezmirisni dvokomponentni epoksi rezin za simuliranje kristalno \u010diste vode za diorame.<\/p>","protected":false},"featured_media":9033,"template":"","meta":[],"product_brand":[],"product_cat":[370,369],"product_tag":[],"class_list":{"0":"post-9032","1":"product","2":"type-product","3":"status-publish","4":"has-post-thumbnail","6":"product_cat-akrilne-teksture-za-diorame","7":"product_cat-diorame","8":"pa_brand-ak-interactive","10":"first","11":"instock","12":"shipping-taxable","13":"purchasable","14":"product-type-simple"},"_links":{"self":[{"href":"https:\/\/flakhobby.com\/sr\/wp-json\/wp\/v2\/product\/9032","targetHints":{"allow":["GET"]}}],"collection":[{"href":"https:\/\/flakhobby.com\/sr\/wp-json\/wp\/v2\/product"}],"about":[{"href":"https:\/\/flakhobby.com\/sr\/wp-json\/wp\/v2\/types\/product"}],"version-history":[{"count":2,"href":"https:\/\/flakhobby.com\/sr\/wp-json\/wp\/v2\/product\/9032\/revisions"}],"predecessor-version":[{"id":10115,"href":"https:\/\/flakhobby.com\/sr\/wp-json\/wp\/v2\/product\/9032\/revisions\/10115"}],"wp:featuredmedia":[{"embeddable":true,"href":"https:\/\/flakhobby.com\/sr\/wp-json\/wp\/v2\/media\/9033"}],"wp:attachment":[{"href":"https:\/\/flakhobby.com\/sr\/wp-json\/wp\/v2\/media?parent=9032"}],"wp:term":[{"taxonomy":"product_brand","embeddable":true,"href":"https:\/\/flakhobby.com\/sr\/wp-json\/wp\/v2\/product_brand?post=9032"},{"taxonomy":"product_cat","embeddable":true,"href":"https:\/\/flakhobby.com\/sr\/wp-json\/wp\/v2\/product_cat?post=9032"},{"taxonomy":"product_tag","embeddable":true,"href":"https:\/\/flakhobby.com\/sr\/wp-json\/wp\/v2\/product_tag?post=9032"}],"curies":[{"name":"wp","href":"https:\/\/api.w.org\/{rel}","templated":true}]}}