{"id":9007,"date":"2022-03-07T19:58:02","date_gmt":"2022-03-07T19:58:02","guid":{"rendered":"https:\/\/flakhobby.com\/?post_type=product&#038;p=9007"},"modified":"2026-05-12T14:19:31","modified_gmt":"2026-05-12T12:19:31","slug":"gravel-and-sand-fixer","status":"publish","type":"product","link":"https:\/\/flakhobby.com\/sr\/\u043f\u0440\u043e\u0438\u0437\u0432\u043e\u0434\/gravel-and-sand-fixer\/","title":{"rendered":"Gravel and Sand Fixer"},"content":{"rendered":"<p>Te\u010dni lepak za fiksiranje svih vrsta peska, kamen\u010di\u0107a itd na diorame. Mo\u017ee se nanositi \u010detkicom i airbrushem, a su\u0161enje se mo\u017ee ubrzati fenom za kosu.<br \/>\nAlat se \u010disti alkoholom.<\/p>","protected":false},"excerpt":{"rendered":"<p>Te\u010dni lepak za fiksiranje svih vrsta peska, kamen\u010di\u0107a itd na diorame. Mo\u017ee se nanositi \u010detkicom i airbrushem, a su\u0161enje se mo\u017ee ubrzati fenom za kosu.<\/p>","protected":false},"featured_media":9008,"template":"","meta":[],"product_brand":[],"product_cat":[358,359],"product_tag":[],"class_list":{"0":"post-9007","1":"product","2":"type-product","3":"status-publish","4":"has-post-thumbnail","6":"product_cat-maketarski-alat-i-pribor","7":"product_cat-lepkovi","8":"pa_brand-ak-interactive","10":"first","11":"instock","12":"shipping-taxable","13":"purchasable","14":"product-type-simple"},"_links":{"self":[{"href":"https:\/\/flakhobby.com\/sr\/wp-json\/wp\/v2\/product\/9007","targetHints":{"allow":["GET"]}}],"collection":[{"href":"https:\/\/flakhobby.com\/sr\/wp-json\/wp\/v2\/product"}],"about":[{"href":"https:\/\/flakhobby.com\/sr\/wp-json\/wp\/v2\/types\/product"}],"version-history":[{"count":2,"href":"https:\/\/flakhobby.com\/sr\/wp-json\/wp\/v2\/product\/9007\/revisions"}],"predecessor-version":[{"id":15736,"href":"https:\/\/flakhobby.com\/sr\/wp-json\/wp\/v2\/product\/9007\/revisions\/15736"}],"wp:featuredmedia":[{"embeddable":true,"href":"https:\/\/flakhobby.com\/sr\/wp-json\/wp\/v2\/media\/9008"}],"wp:attachment":[{"href":"https:\/\/flakhobby.com\/sr\/wp-json\/wp\/v2\/media?parent=9007"}],"wp:term":[{"taxonomy":"product_brand","embeddable":true,"href":"https:\/\/flakhobby.com\/sr\/wp-json\/wp\/v2\/product_brand?post=9007"},{"taxonomy":"product_cat","embeddable":true,"href":"https:\/\/flakhobby.com\/sr\/wp-json\/wp\/v2\/product_cat?post=9007"},{"taxonomy":"product_tag","embeddable":true,"href":"https:\/\/flakhobby.com\/sr\/wp-json\/wp\/v2\/product_tag?post=9007"}],"curies":[{"name":"wp","href":"https:\/\/api.w.org\/{rel}","templated":true}]}}