{"id":8613,"date":"2022-03-02T13:12:09","date_gmt":"2022-03-02T13:12:09","guid":{"rendered":"https:\/\/flakhobby.com\/?post_type=product&#038;p=8613"},"modified":"2025-06-13T12:12:59","modified_gmt":"2025-06-13T12:12:59","slug":"light-green-bushes-4-5cm-135-75mm-90mm","status":"publish","type":"product","link":"https:\/\/flakhobby.com\/sr\/\u043f\u0440\u043e\u0438\u0437\u0432\u043e\u0434\/light-green-bushes-4-5cm-135-75mm-90mm\/","title":{"rendered":"Light Green Bushes 4-5CM 1:35 \/ 75MM \/ 90MM"},"content":{"rendered":"<p>Set tri \u017ebuna odli\u010dan za prete\u017eno zelene diorame u razmeri 1\/35.<\/p>","protected":false},"excerpt":{"rendered":"<p>\u017dbunje 1\/35<\/p>","protected":false},"featured_media":8614,"template":"","meta":[],"product_brand":[],"product_cat":[371,369],"product_tag":[],"class_list":{"0":"post-8613","1":"product","2":"type-product","3":"status-publish","4":"has-post-thumbnail","6":"product_cat-travnate-podlogezbunje-lisce","7":"product_cat-diorame","8":"pa_brand-ak-interactive","10":"first","11":"outofstock","12":"shipping-taxable","13":"purchasable","14":"product-type-simple"},"_links":{"self":[{"href":"https:\/\/flakhobby.com\/sr\/wp-json\/wp\/v2\/product\/8613","targetHints":{"allow":["GET"]}}],"collection":[{"href":"https:\/\/flakhobby.com\/sr\/wp-json\/wp\/v2\/product"}],"about":[{"href":"https:\/\/flakhobby.com\/sr\/wp-json\/wp\/v2\/types\/product"}],"version-history":[{"count":1,"href":"https:\/\/flakhobby.com\/sr\/wp-json\/wp\/v2\/product\/8613\/revisions"}],"predecessor-version":[{"id":8617,"href":"https:\/\/flakhobby.com\/sr\/wp-json\/wp\/v2\/product\/8613\/revisions\/8617"}],"wp:featuredmedia":[{"embeddable":true,"href":"https:\/\/flakhobby.com\/sr\/wp-json\/wp\/v2\/media\/8614"}],"wp:attachment":[{"href":"https:\/\/flakhobby.com\/sr\/wp-json\/wp\/v2\/media?parent=8613"}],"wp:term":[{"taxonomy":"product_brand","embeddable":true,"href":"https:\/\/flakhobby.com\/sr\/wp-json\/wp\/v2\/product_brand?post=8613"},{"taxonomy":"product_cat","embeddable":true,"href":"https:\/\/flakhobby.com\/sr\/wp-json\/wp\/v2\/product_cat?post=8613"},{"taxonomy":"product_tag","embeddable":true,"href":"https:\/\/flakhobby.com\/sr\/wp-json\/wp\/v2\/product_tag?post=8613"}],"curies":[{"name":"wp","href":"https:\/\/api.w.org\/{rel}","templated":true}]}}