{"id":8603,"date":"2022-03-02T12:45:28","date_gmt":"2022-03-02T12:45:28","guid":{"rendered":"https:\/\/flakhobby.com\/?post_type=product&#038;p=8603"},"modified":"2025-10-30T15:39:00","modified_gmt":"2025-10-30T15:39:00","slug":"elastic-rigging-super-thin-135-132-148-1350","status":"publish","type":"product","link":"https:\/\/flakhobby.com\/sr\/\u043f\u0440\u043e\u0438\u0437\u0432\u043e\u0434\/elastic-rigging-super-thin-135-132-148-1350\/","title":{"rendered":"Elastic Rigging &#8211; Super Thin &#8211; 1:35 \/ 1:32 \/ 1:48 \/ 1:350"},"content":{"rendered":"<p>Elasti\u010dni konac za sve vrste antena i drugo<br \/>\nMo\u017ee se se\u0107i skalpelom i lepiti superlepkom. Du\u017eina \u2013 20m<\/p>","protected":false},"excerpt":{"rendered":"<p>Elasti\u010dni konac za riging &#8211; 20m<\/p>\n<p>&nbsp;<\/p>","protected":false},"featured_media":8604,"template":"","meta":[],"product_brand":[],"product_cat":[358,367],"product_tag":[],"class_list":{"0":"post-8603","1":"product","2":"type-product","3":"status-publish","4":"has-post-thumbnail","6":"product_cat-maketarski-alat-i-pribor","7":"product_cat-rucni-alat-smirgle-konac-za-rigging","8":"pa_brand-ak-interactive","10":"first","11":"instock","12":"shipping-taxable","13":"purchasable","14":"product-type-simple"},"_links":{"self":[{"href":"https:\/\/flakhobby.com\/sr\/wp-json\/wp\/v2\/product\/8603","targetHints":{"allow":["GET"]}}],"collection":[{"href":"https:\/\/flakhobby.com\/sr\/wp-json\/wp\/v2\/product"}],"about":[{"href":"https:\/\/flakhobby.com\/sr\/wp-json\/wp\/v2\/types\/product"}],"version-history":[{"count":1,"href":"https:\/\/flakhobby.com\/sr\/wp-json\/wp\/v2\/product\/8603\/revisions"}],"predecessor-version":[{"id":8608,"href":"https:\/\/flakhobby.com\/sr\/wp-json\/wp\/v2\/product\/8603\/revisions\/8608"}],"wp:featuredmedia":[{"embeddable":true,"href":"https:\/\/flakhobby.com\/sr\/wp-json\/wp\/v2\/media\/8604"}],"wp:attachment":[{"href":"https:\/\/flakhobby.com\/sr\/wp-json\/wp\/v2\/media?parent=8603"}],"wp:term":[{"taxonomy":"product_brand","embeddable":true,"href":"https:\/\/flakhobby.com\/sr\/wp-json\/wp\/v2\/product_brand?post=8603"},{"taxonomy":"product_cat","embeddable":true,"href":"https:\/\/flakhobby.com\/sr\/wp-json\/wp\/v2\/product_cat?post=8603"},{"taxonomy":"product_tag","embeddable":true,"href":"https:\/\/flakhobby.com\/sr\/wp-json\/wp\/v2\/product_tag?post=8603"}],"curies":[{"name":"wp","href":"https:\/\/api.w.org\/{rel}","templated":true}]}}