{"id":8584,"date":"2022-03-02T12:08:56","date_gmt":"2022-03-02T12:08:56","guid":{"rendered":"https:\/\/flakhobby.com\/?post_type=product&#038;p=8584"},"modified":"2026-05-09T15:09:43","modified_gmt":"2026-05-09T13:09:43","slug":"zakrivljena-pinceta","status":"publish","type":"product","link":"https:\/\/flakhobby.com\/sr\/\u043f\u0440\u043e\u0438\u0437\u0432\u043e\u0434\/zakrivljena-pinceta\/","title":{"rendered":"Zakrivljena pinceta"},"content":{"rendered":"<p>Zakrivljena pinceta od ner\u0111aju\u0107eg \u010delika sa anti-stati\u010dkim vrhom.<\/p>","protected":false},"excerpt":{"rendered":"<p>Zakrivljena pinceta<\/p>","protected":false},"featured_media":8585,"template":"","meta":[],"product_brand":[],"product_cat":[358,367],"product_tag":[],"class_list":{"0":"post-8584","1":"product","2":"type-product","3":"status-publish","4":"has-post-thumbnail","6":"product_cat-maketarski-alat-i-pribor","7":"product_cat-rucni-alat-smirgle-konac-za-rigging","8":"pa_brand-ak-interactive","10":"first","11":"instock","12":"shipping-taxable","13":"purchasable","14":"product-type-simple"},"_links":{"self":[{"href":"https:\/\/flakhobby.com\/sr\/wp-json\/wp\/v2\/product\/8584","targetHints":{"allow":["GET"]}}],"collection":[{"href":"https:\/\/flakhobby.com\/sr\/wp-json\/wp\/v2\/product"}],"about":[{"href":"https:\/\/flakhobby.com\/sr\/wp-json\/wp\/v2\/types\/product"}],"version-history":[{"count":1,"href":"https:\/\/flakhobby.com\/sr\/wp-json\/wp\/v2\/product\/8584\/revisions"}],"predecessor-version":[{"id":8587,"href":"https:\/\/flakhobby.com\/sr\/wp-json\/wp\/v2\/product\/8584\/revisions\/8587"}],"wp:featuredmedia":[{"embeddable":true,"href":"https:\/\/flakhobby.com\/sr\/wp-json\/wp\/v2\/media\/8585"}],"wp:attachment":[{"href":"https:\/\/flakhobby.com\/sr\/wp-json\/wp\/v2\/media?parent=8584"}],"wp:term":[{"taxonomy":"product_brand","embeddable":true,"href":"https:\/\/flakhobby.com\/sr\/wp-json\/wp\/v2\/product_brand?post=8584"},{"taxonomy":"product_cat","embeddable":true,"href":"https:\/\/flakhobby.com\/sr\/wp-json\/wp\/v2\/product_cat?post=8584"},{"taxonomy":"product_tag","embeddable":true,"href":"https:\/\/flakhobby.com\/sr\/wp-json\/wp\/v2\/product_tag?post=8584"}],"curies":[{"name":"wp","href":"https:\/\/api.w.org\/{rel}","templated":true}]}}