{"id":8571,"date":"2022-03-02T11:58:48","date_gmt":"2022-03-02T11:58:48","guid":{"rendered":"https:\/\/flakhobby.com\/?post_type=product&#038;p=8571"},"modified":"2026-02-14T15:28:18","modified_gmt":"2026-02-14T14:28:18","slug":"easycutting-podloga-za-secenje-tip-2","status":"publish","type":"product","link":"https:\/\/flakhobby.com\/sr\/\u043f\u0440\u043e\u0438\u0437\u0432\u043e\u0434\/easycutting-podloga-za-secenje-tip-2\/","title":{"rendered":"Easycutting podloga za se\u010denje &#8211; tip 2"},"content":{"rendered":"<div id=\"tab-description\" class=\"woocommerce-Tabs-panel woocommerce-Tabs-panel--description panel entry-content wc-tab xts-active\" role=\"tabpanel\" aria-labelledby=\"tab-title-description\" data-accordion-index=\"description\">\n<p>Podloga za se\u010denje traka za maskiranje sa urezanim kvadrati\u0107ima i kru\u017enicom.<\/p>\n<p>Dimenzije: 21.5 x 11.5 x 0.4cm<\/p>\n<\/div>","protected":false},"excerpt":{"rendered":"<p>Podloga za se\u010denje<\/p>","protected":false},"featured_media":8572,"template":"","meta":[],"product_brand":[],"product_cat":[358,366],"product_tag":[],"class_list":{"0":"post-8571","1":"product","2":"type-product","3":"status-publish","4":"has-post-thumbnail","6":"product_cat-maketarski-alat-i-pribor","7":"product_cat-trake-za-maskiranje-maskoli-kabuki-papir","8":"pa_brand-ak-interactive","10":"first","11":"outofstock","12":"shipping-taxable","13":"purchasable","14":"product-type-simple"},"_links":{"self":[{"href":"https:\/\/flakhobby.com\/sr\/wp-json\/wp\/v2\/product\/8571","targetHints":{"allow":["GET"]}}],"collection":[{"href":"https:\/\/flakhobby.com\/sr\/wp-json\/wp\/v2\/product"}],"about":[{"href":"https:\/\/flakhobby.com\/sr\/wp-json\/wp\/v2\/types\/product"}],"version-history":[{"count":1,"href":"https:\/\/flakhobby.com\/sr\/wp-json\/wp\/v2\/product\/8571\/revisions"}],"predecessor-version":[{"id":8574,"href":"https:\/\/flakhobby.com\/sr\/wp-json\/wp\/v2\/product\/8571\/revisions\/8574"}],"wp:featuredmedia":[{"embeddable":true,"href":"https:\/\/flakhobby.com\/sr\/wp-json\/wp\/v2\/media\/8572"}],"wp:attachment":[{"href":"https:\/\/flakhobby.com\/sr\/wp-json\/wp\/v2\/media?parent=8571"}],"wp:term":[{"taxonomy":"product_brand","embeddable":true,"href":"https:\/\/flakhobby.com\/sr\/wp-json\/wp\/v2\/product_brand?post=8571"},{"taxonomy":"product_cat","embeddable":true,"href":"https:\/\/flakhobby.com\/sr\/wp-json\/wp\/v2\/product_cat?post=8571"},{"taxonomy":"product_tag","embeddable":true,"href":"https:\/\/flakhobby.com\/sr\/wp-json\/wp\/v2\/product_tag?post=8571"}],"curies":[{"name":"wp","href":"https:\/\/api.w.org\/{rel}","templated":true}]}}