{"id":8473,"date":"2022-03-01T22:34:12","date_gmt":"2022-03-01T22:34:12","guid":{"rendered":"https:\/\/flakhobby.com\/?post_type=product&#038;p=8473"},"modified":"2026-04-14T16:11:51","modified_gmt":"2026-04-14T14:11:51","slug":"drzac-za-airbrush","status":"publish","type":"product","link":"https:\/\/flakhobby.com\/sr\/\u043f\u0440\u043e\u0438\u0437\u0432\u043e\u0434\/drzac-za-airbrush\/","title":{"rendered":"Dr\u017ea\u010d za airbrush"},"content":{"rendered":"<p>Dr\u017ea\u010d za do 4 airbrusha raznih vrsta<\/p>","protected":false},"excerpt":{"rendered":"<p>Dr\u017ea\u010d za do 4\u00a0<em>airbursh-<\/em>a<\/p>","protected":false},"featured_media":8474,"template":"","meta":[],"product_brand":[],"product_cat":[358,365],"product_tag":[],"class_list":{"0":"post-8473","1":"product","2":"type-product","3":"status-publish","4":"has-post-thumbnail","6":"product_cat-maketarski-alat-i-pribor","7":"product_cat-airbrush-i-kompresori","8":"pa_brand-haosheng","10":"first","11":"outofstock","12":"shipping-taxable","13":"purchasable","14":"product-type-simple"},"_links":{"self":[{"href":"https:\/\/flakhobby.com\/sr\/wp-json\/wp\/v2\/product\/8473","targetHints":{"allow":["GET"]}}],"collection":[{"href":"https:\/\/flakhobby.com\/sr\/wp-json\/wp\/v2\/product"}],"about":[{"href":"https:\/\/flakhobby.com\/sr\/wp-json\/wp\/v2\/types\/product"}],"version-history":[{"count":1,"href":"https:\/\/flakhobby.com\/sr\/wp-json\/wp\/v2\/product\/8473\/revisions"}],"predecessor-version":[{"id":8475,"href":"https:\/\/flakhobby.com\/sr\/wp-json\/wp\/v2\/product\/8473\/revisions\/8475"}],"wp:featuredmedia":[{"embeddable":true,"href":"https:\/\/flakhobby.com\/sr\/wp-json\/wp\/v2\/media\/8474"}],"wp:attachment":[{"href":"https:\/\/flakhobby.com\/sr\/wp-json\/wp\/v2\/media?parent=8473"}],"wp:term":[{"taxonomy":"product_brand","embeddable":true,"href":"https:\/\/flakhobby.com\/sr\/wp-json\/wp\/v2\/product_brand?post=8473"},{"taxonomy":"product_cat","embeddable":true,"href":"https:\/\/flakhobby.com\/sr\/wp-json\/wp\/v2\/product_cat?post=8473"},{"taxonomy":"product_tag","embeddable":true,"href":"https:\/\/flakhobby.com\/sr\/wp-json\/wp\/v2\/product_tag?post=8473"}],"curies":[{"name":"wp","href":"https:\/\/api.w.org\/{rel}","templated":true}]}}