{"id":8425,"date":"2022-03-01T21:23:05","date_gmt":"2022-03-01T21:23:05","guid":{"rendered":"https:\/\/flakhobby.com\/?post_type=product&#038;p=8425"},"modified":"2025-02-26T12:56:46","modified_gmt":"2025-02-26T12:56:46","slug":"mark-fit-strong","status":"publish","type":"product","link":"https:\/\/flakhobby.com\/sr\/\u043f\u0440\u043e\u0438\u0437\u0432\u043e\u0434\/mark-fit-strong\/","title":{"rendered":"Mark Fit (Strong)"},"content":{"rendered":"<p>Sredstvo za omek\u0161avanje dekala. Poma\u017ee dekalu da ulegne u detalje i oko zakrivljenih delova makete.<br \/>\nIma \u010detkicu za nano\u0161enje &#8211; 40mL<br \/>\nPreporu\u010deno je da se pre nano\u0161enja ovog sredstva, povr\u0161ina na koju \u0107e se dekal stavljati za\u0161titi slojem sjajnog laka.<\/p>\n<p>&nbsp;<\/p>\n<p>&nbsp;<\/p>","protected":false},"excerpt":{"rendered":"<p>Sredstvo za omek\u0161avanje dekala &#8211; 40mL<\/p>","protected":false},"featured_media":8426,"template":"","meta":[],"product_brand":[],"product_cat":[362,358],"product_tag":[],"class_list":{"0":"post-8425","1":"product","2":"type-product","3":"status-publish","4":"has-post-thumbnail","6":"product_cat-sredstva-za-dekale","7":"product_cat-maketarski-alat-i-pribor","8":"pa_brand-tamiya","10":"first","11":"outofstock","12":"shipping-taxable","13":"purchasable","14":"product-type-simple"},"_links":{"self":[{"href":"https:\/\/flakhobby.com\/sr\/wp-json\/wp\/v2\/product\/8425","targetHints":{"allow":["GET"]}}],"collection":[{"href":"https:\/\/flakhobby.com\/sr\/wp-json\/wp\/v2\/product"}],"about":[{"href":"https:\/\/flakhobby.com\/sr\/wp-json\/wp\/v2\/types\/product"}],"version-history":[{"count":1,"href":"https:\/\/flakhobby.com\/sr\/wp-json\/wp\/v2\/product\/8425\/revisions"}],"predecessor-version":[{"id":8427,"href":"https:\/\/flakhobby.com\/sr\/wp-json\/wp\/v2\/product\/8425\/revisions\/8427"}],"wp:featuredmedia":[{"embeddable":true,"href":"https:\/\/flakhobby.com\/sr\/wp-json\/wp\/v2\/media\/8426"}],"wp:attachment":[{"href":"https:\/\/flakhobby.com\/sr\/wp-json\/wp\/v2\/media?parent=8425"}],"wp:term":[{"taxonomy":"product_brand","embeddable":true,"href":"https:\/\/flakhobby.com\/sr\/wp-json\/wp\/v2\/product_brand?post=8425"},{"taxonomy":"product_cat","embeddable":true,"href":"https:\/\/flakhobby.com\/sr\/wp-json\/wp\/v2\/product_cat?post=8425"},{"taxonomy":"product_tag","embeddable":true,"href":"https:\/\/flakhobby.com\/sr\/wp-json\/wp\/v2\/product_tag?post=8425"}],"curies":[{"name":"wp","href":"https:\/\/api.w.org\/{rel}","templated":true}]}}