{"id":8416,"date":"2022-03-01T21:13:42","date_gmt":"2022-03-01T21:13:42","guid":{"rendered":"https:\/\/flakhobby.com\/?post_type=product&#038;p=8416"},"modified":"2023-12-12T19:11:40","modified_gmt":"2023-12-12T19:11:40","slug":"tamiya-beli-git","status":"publish","type":"product","link":"https:\/\/flakhobby.com\/sr\/\u043f\u0440\u043e\u0438\u0437\u0432\u043e\u0434\/tamiya-beli-git\/","title":{"rendered":"Tamiya Beli Git"},"content":{"rendered":"<p>Beli Tamiya git idealan za popunjavanje neravnina, rupa i pravljenje povr\u0161inske teksture.<\/p>\n<p>Mo\u017ee se razrediti Tamiya Lacquer Thinner-om ili bilo kojim drugim Lacquer razre\u0111iva\u010dem.<\/p>","protected":false},"excerpt":{"rendered":"<p>Tamiya beli git &#8211; 32g<\/p>","protected":false},"featured_media":8417,"template":"","meta":[],"product_brand":[],"product_cat":[361,358],"product_tag":[],"class_list":{"0":"post-8416","1":"product","2":"type-product","3":"status-publish","4":"has-post-thumbnail","6":"product_cat-gitovi","7":"product_cat-maketarski-alat-i-pribor","8":"pa_brand-tamiya","10":"first","11":"outofstock","12":"shipping-taxable","13":"purchasable","14":"product-type-simple"},"_links":{"self":[{"href":"https:\/\/flakhobby.com\/sr\/wp-json\/wp\/v2\/product\/8416","targetHints":{"allow":["GET"]}}],"collection":[{"href":"https:\/\/flakhobby.com\/sr\/wp-json\/wp\/v2\/product"}],"about":[{"href":"https:\/\/flakhobby.com\/sr\/wp-json\/wp\/v2\/types\/product"}],"version-history":[{"count":1,"href":"https:\/\/flakhobby.com\/sr\/wp-json\/wp\/v2\/product\/8416\/revisions"}],"predecessor-version":[{"id":8418,"href":"https:\/\/flakhobby.com\/sr\/wp-json\/wp\/v2\/product\/8416\/revisions\/8418"}],"wp:featuredmedia":[{"embeddable":true,"href":"https:\/\/flakhobby.com\/sr\/wp-json\/wp\/v2\/media\/8417"}],"wp:attachment":[{"href":"https:\/\/flakhobby.com\/sr\/wp-json\/wp\/v2\/media?parent=8416"}],"wp:term":[{"taxonomy":"product_brand","embeddable":true,"href":"https:\/\/flakhobby.com\/sr\/wp-json\/wp\/v2\/product_brand?post=8416"},{"taxonomy":"product_cat","embeddable":true,"href":"https:\/\/flakhobby.com\/sr\/wp-json\/wp\/v2\/product_cat?post=8416"},{"taxonomy":"product_tag","embeddable":true,"href":"https:\/\/flakhobby.com\/sr\/wp-json\/wp\/v2\/product_tag?post=8416"}],"curies":[{"name":"wp","href":"https:\/\/api.w.org\/{rel}","templated":true}]}}