{"id":8413,"date":"2022-03-01T20:32:37","date_gmt":"2022-03-01T20:32:37","guid":{"rendered":"https:\/\/flakhobby.com\/?post_type=product&#038;p=8413"},"modified":"2025-05-12T12:48:23","modified_gmt":"2025-05-12T12:48:23","slug":"tamiya-pasta-za-poliranje-najfinija","status":"publish","type":"product","link":"https:\/\/flakhobby.com\/sr\/\u043f\u0440\u043e\u0438\u0437\u0432\u043e\u0434\/tamiya-pasta-za-poliranje-najfinija\/","title":{"rendered":"Tamiya pasta za poliranje &#8211; Finish"},"content":{"rendered":"<p>Tamiya pasta za poliranje plastike i providne delove. Po zavr\u0161etku vi\u0161ak se mo\u017ee isprati vodom. 22mL<\/p>","protected":false},"excerpt":{"rendered":"<p>Tamiya pasta za poliranje \u2013 najfinija 22mL<\/p>","protected":false},"featured_media":8414,"template":"","meta":[],"product_brand":[],"product_cat":[368,358],"product_tag":[],"class_list":{"0":"post-8413","1":"product","2":"type-product","3":"status-publish","4":"has-post-thumbnail","6":"product_cat-ostalo","7":"product_cat-maketarski-alat-i-pribor","8":"pa_brand-tamiya","10":"first","11":"instock","12":"shipping-taxable","13":"purchasable","14":"product-type-simple"},"_links":{"self":[{"href":"https:\/\/flakhobby.com\/sr\/wp-json\/wp\/v2\/product\/8413","targetHints":{"allow":["GET"]}}],"collection":[{"href":"https:\/\/flakhobby.com\/sr\/wp-json\/wp\/v2\/product"}],"about":[{"href":"https:\/\/flakhobby.com\/sr\/wp-json\/wp\/v2\/types\/product"}],"version-history":[{"count":3,"href":"https:\/\/flakhobby.com\/sr\/wp-json\/wp\/v2\/product\/8413\/revisions"}],"predecessor-version":[{"id":26533,"href":"https:\/\/flakhobby.com\/sr\/wp-json\/wp\/v2\/product\/8413\/revisions\/26533"}],"wp:featuredmedia":[{"embeddable":true,"href":"https:\/\/flakhobby.com\/sr\/wp-json\/wp\/v2\/media\/8414"}],"wp:attachment":[{"href":"https:\/\/flakhobby.com\/sr\/wp-json\/wp\/v2\/media?parent=8413"}],"wp:term":[{"taxonomy":"product_brand","embeddable":true,"href":"https:\/\/flakhobby.com\/sr\/wp-json\/wp\/v2\/product_brand?post=8413"},{"taxonomy":"product_cat","embeddable":true,"href":"https:\/\/flakhobby.com\/sr\/wp-json\/wp\/v2\/product_cat?post=8413"},{"taxonomy":"product_tag","embeddable":true,"href":"https:\/\/flakhobby.com\/sr\/wp-json\/wp\/v2\/product_tag?post=8413"}],"curies":[{"name":"wp","href":"https:\/\/api.w.org\/{rel}","templated":true}]}}