{"id":8409,"date":"2022-03-01T20:31:05","date_gmt":"2022-03-01T20:31:05","guid":{"rendered":"https:\/\/flakhobby.com\/?post_type=product&#038;p=8409"},"modified":"2025-11-27T12:39:02","modified_gmt":"2025-11-27T12:39:02","slug":"tamiya-pasta-za-poliranje-fina","status":"publish","type":"product","link":"https:\/\/flakhobby.com\/sr\/\u043f\u0440\u043e\u0438\u0437\u0432\u043e\u0434\/tamiya-pasta-za-poliranje-fina\/","title":{"rendered":"Tamiya pasta za poliranje &#8211; fina"},"content":{"rendered":"<p>Tamiya pasta za poliranje plastike i providne delove. Po zavr\u0161etku vi\u0161ak se mo\u017ee isprati vodom. 22mL<\/p>","protected":false},"excerpt":{"rendered":"<p>Tamiya pasta za poliranje \u2013 fina 22mL<\/p>","protected":false},"featured_media":8411,"template":"","meta":[],"product_brand":[],"product_cat":[358,367],"product_tag":[],"class_list":{"0":"post-8409","1":"product","2":"type-product","3":"status-publish","4":"has-post-thumbnail","6":"product_cat-maketarski-alat-i-pribor","7":"product_cat-rucni-alat-smirgle-konac-za-rigging","8":"pa_brand-tamiya","10":"first","11":"instock","12":"shipping-taxable","13":"purchasable","14":"product-type-simple"},"_links":{"self":[{"href":"https:\/\/flakhobby.com\/sr\/wp-json\/wp\/v2\/product\/8409","targetHints":{"allow":["GET"]}}],"collection":[{"href":"https:\/\/flakhobby.com\/sr\/wp-json\/wp\/v2\/product"}],"about":[{"href":"https:\/\/flakhobby.com\/sr\/wp-json\/wp\/v2\/types\/product"}],"version-history":[{"count":1,"href":"https:\/\/flakhobby.com\/sr\/wp-json\/wp\/v2\/product\/8409\/revisions"}],"predecessor-version":[{"id":8412,"href":"https:\/\/flakhobby.com\/sr\/wp-json\/wp\/v2\/product\/8409\/revisions\/8412"}],"wp:featuredmedia":[{"embeddable":true,"href":"https:\/\/flakhobby.com\/sr\/wp-json\/wp\/v2\/media\/8411"}],"wp:attachment":[{"href":"https:\/\/flakhobby.com\/sr\/wp-json\/wp\/v2\/media?parent=8409"}],"wp:term":[{"taxonomy":"product_brand","embeddable":true,"href":"https:\/\/flakhobby.com\/sr\/wp-json\/wp\/v2\/product_brand?post=8409"},{"taxonomy":"product_cat","embeddable":true,"href":"https:\/\/flakhobby.com\/sr\/wp-json\/wp\/v2\/product_cat?post=8409"},{"taxonomy":"product_tag","embeddable":true,"href":"https:\/\/flakhobby.com\/sr\/wp-json\/wp\/v2\/product_tag?post=8409"}],"curies":[{"name":"wp","href":"https:\/\/api.w.org\/{rel}","templated":true}]}}