{"id":8399,"date":"2022-03-01T20:13:31","date_gmt":"2022-03-01T20:13:31","guid":{"rendered":"https:\/\/flakhobby.com\/?post_type=product&#038;p=8399"},"modified":"2025-06-13T11:58:55","modified_gmt":"2025-06-13T11:58:55","slug":"gundam-marker-pour-type-crni","status":"publish","type":"product","link":"https:\/\/flakhobby.com\/sr\/\u043f\u0440\u043e\u0438\u0437\u0432\u043e\u0434\/gundam-marker-pour-type-crni\/","title":{"rendered":"Gundam Marker Pour Type &#8211; Crni"},"content":{"rendered":"<p>Crni Gundam marker za panele. Sadr\u017ei te\u010dnost u crnoj boji koja funkcioni\u0161e kao vo\u0161 za panele.<\/p>","protected":false},"excerpt":{"rendered":"<p>Crni marker za panele<\/p>","protected":false},"featured_media":8401,"template":"","meta":[],"product_brand":[],"product_cat":[368,358],"product_tag":[],"class_list":{"0":"post-8399","1":"product","2":"type-product","3":"status-publish","4":"has-post-thumbnail","6":"product_cat-ostalo","7":"product_cat-maketarski-alat-i-pribor","8":"pa_brand-mr-hobby","10":"first","11":"outofstock","12":"shipping-taxable","13":"purchasable","14":"product-type-simple"},"_links":{"self":[{"href":"https:\/\/flakhobby.com\/sr\/wp-json\/wp\/v2\/product\/8399","targetHints":{"allow":["GET"]}}],"collection":[{"href":"https:\/\/flakhobby.com\/sr\/wp-json\/wp\/v2\/product"}],"about":[{"href":"https:\/\/flakhobby.com\/sr\/wp-json\/wp\/v2\/types\/product"}],"version-history":[{"count":1,"href":"https:\/\/flakhobby.com\/sr\/wp-json\/wp\/v2\/product\/8399\/revisions"}],"predecessor-version":[{"id":8402,"href":"https:\/\/flakhobby.com\/sr\/wp-json\/wp\/v2\/product\/8399\/revisions\/8402"}],"wp:featuredmedia":[{"embeddable":true,"href":"https:\/\/flakhobby.com\/sr\/wp-json\/wp\/v2\/media\/8401"}],"wp:attachment":[{"href":"https:\/\/flakhobby.com\/sr\/wp-json\/wp\/v2\/media?parent=8399"}],"wp:term":[{"taxonomy":"product_brand","embeddable":true,"href":"https:\/\/flakhobby.com\/sr\/wp-json\/wp\/v2\/product_brand?post=8399"},{"taxonomy":"product_cat","embeddable":true,"href":"https:\/\/flakhobby.com\/sr\/wp-json\/wp\/v2\/product_cat?post=8399"},{"taxonomy":"product_tag","embeddable":true,"href":"https:\/\/flakhobby.com\/sr\/wp-json\/wp\/v2\/product_tag?post=8399"}],"curies":[{"name":"wp","href":"https:\/\/api.w.org\/{rel}","templated":true}]}}