{"id":8389,"date":"2022-03-01T20:06:26","date_gmt":"2022-03-01T20:06:26","guid":{"rendered":"https:\/\/flakhobby.com\/?post_type=product&#038;p=8389"},"modified":"2024-11-28T16:14:55","modified_gmt":"2024-11-28T16:14:55","slug":"mr-color-thinner-110ml","status":"publish","type":"product","link":"https:\/\/flakhobby.com\/sr\/\u043f\u0440\u043e\u0438\u0437\u0432\u043e\u0434\/mr-color-thinner-110ml\/","title":{"rendered":"Mr. Color Thinner 110mL"},"content":{"rendered":"<p>Mr. Color Thinner je neophodan za razre\u0111ivanje boja i pranje \u010detkica. Mo\u017ee se koristiti za razre\u0111ivanje AK Real Colors, Mr. Color i drugih boja na solventnoj osnovi.<\/p>","protected":false},"excerpt":{"rendered":"<p>Razre\u0111iva\u010d za boje na solventnoj osnovi \u2013 110mL<\/p>","protected":false},"featured_media":8393,"template":"","meta":[],"product_brand":[],"product_cat":[339,348],"product_tag":[],"class_list":{"0":"post-8389","1":"product","2":"type-product","3":"status-publish","4":"has-post-thumbnail","6":"product_cat-boje-i-razredivaci","7":"product_cat-razredivaci","8":"pa_brand-mr-hobby","10":"first","11":"outofstock","12":"shipping-taxable","13":"purchasable","14":"product-type-simple"},"_links":{"self":[{"href":"https:\/\/flakhobby.com\/sr\/wp-json\/wp\/v2\/product\/8389","targetHints":{"allow":["GET"]}}],"collection":[{"href":"https:\/\/flakhobby.com\/sr\/wp-json\/wp\/v2\/product"}],"about":[{"href":"https:\/\/flakhobby.com\/sr\/wp-json\/wp\/v2\/types\/product"}],"version-history":[{"count":1,"href":"https:\/\/flakhobby.com\/sr\/wp-json\/wp\/v2\/product\/8389\/revisions"}],"predecessor-version":[{"id":8394,"href":"https:\/\/flakhobby.com\/sr\/wp-json\/wp\/v2\/product\/8389\/revisions\/8394"}],"wp:featuredmedia":[{"embeddable":true,"href":"https:\/\/flakhobby.com\/sr\/wp-json\/wp\/v2\/media\/8393"}],"wp:attachment":[{"href":"https:\/\/flakhobby.com\/sr\/wp-json\/wp\/v2\/media?parent=8389"}],"wp:term":[{"taxonomy":"product_brand","embeddable":true,"href":"https:\/\/flakhobby.com\/sr\/wp-json\/wp\/v2\/product_brand?post=8389"},{"taxonomy":"product_cat","embeddable":true,"href":"https:\/\/flakhobby.com\/sr\/wp-json\/wp\/v2\/product_cat?post=8389"},{"taxonomy":"product_tag","embeddable":true,"href":"https:\/\/flakhobby.com\/sr\/wp-json\/wp\/v2\/product_tag?post=8389"}],"curies":[{"name":"wp","href":"https:\/\/api.w.org\/{rel}","templated":true}]}}