{"id":8382,"date":"2022-03-01T19:54:39","date_gmt":"2022-03-01T19:54:39","guid":{"rendered":"https:\/\/flakhobby.com\/?post_type=product&#038;p=8382"},"modified":"2025-11-27T11:28:09","modified_gmt":"2025-11-27T11:28:09","slug":"mr-tool-cleaner-400ml","status":"publish","type":"product","link":"https:\/\/flakhobby.com\/sr\/\u043f\u0440\u043e\u0438\u0437\u0432\u043e\u0434\/mr-tool-cleaner-400ml\/","title":{"rendered":"Mr. Tool Cleaner &#8211; 400mL"},"content":{"rendered":"<p>Mr. Tool Cleaner je proizvod za \u010di\u0161\u0107enje maketarskog alata &#8211;\u00a0<em>airbrush,<\/em> \u010detkice i druge metalne delove.<br \/>\nNemilosrdan prema ostacima boje.<\/p>","protected":false},"excerpt":{"rendered":"<p>Mr. Tool Cleaner &#8211; sredstvo za \u010di\u0161\u0107enje ostataka boje &#8211; 400mL<\/p>","protected":false},"featured_media":8383,"template":"","meta":[],"product_brand":[],"product_cat":[368,358],"product_tag":[],"class_list":{"0":"post-8382","1":"product","2":"type-product","3":"status-publish","4":"has-post-thumbnail","6":"product_cat-ostalo","7":"product_cat-maketarski-alat-i-pribor","8":"pa_brand-mr-hobby","10":"first","11":"instock","12":"shipping-taxable","13":"purchasable","14":"product-type-simple"},"_links":{"self":[{"href":"https:\/\/flakhobby.com\/sr\/wp-json\/wp\/v2\/product\/8382","targetHints":{"allow":["GET"]}}],"collection":[{"href":"https:\/\/flakhobby.com\/sr\/wp-json\/wp\/v2\/product"}],"about":[{"href":"https:\/\/flakhobby.com\/sr\/wp-json\/wp\/v2\/types\/product"}],"version-history":[{"count":3,"href":"https:\/\/flakhobby.com\/sr\/wp-json\/wp\/v2\/product\/8382\/revisions"}],"predecessor-version":[{"id":17459,"href":"https:\/\/flakhobby.com\/sr\/wp-json\/wp\/v2\/product\/8382\/revisions\/17459"}],"wp:featuredmedia":[{"embeddable":true,"href":"https:\/\/flakhobby.com\/sr\/wp-json\/wp\/v2\/media\/8383"}],"wp:attachment":[{"href":"https:\/\/flakhobby.com\/sr\/wp-json\/wp\/v2\/media?parent=8382"}],"wp:term":[{"taxonomy":"product_brand","embeddable":true,"href":"https:\/\/flakhobby.com\/sr\/wp-json\/wp\/v2\/product_brand?post=8382"},{"taxonomy":"product_cat","embeddable":true,"href":"https:\/\/flakhobby.com\/sr\/wp-json\/wp\/v2\/product_cat?post=8382"},{"taxonomy":"product_tag","embeddable":true,"href":"https:\/\/flakhobby.com\/sr\/wp-json\/wp\/v2\/product_tag?post=8382"}],"curies":[{"name":"wp","href":"https:\/\/api.w.org\/{rel}","templated":true}]}}