{"id":8373,"date":"2022-03-01T19:42:15","date_gmt":"2022-03-01T19:42:15","guid":{"rendered":"https:\/\/flakhobby.com\/?post_type=product&#038;p=8373"},"modified":"2024-12-23T15:33:38","modified_gmt":"2024-12-23T15:33:38","slug":"mr-color-thinner-400ml","status":"publish","type":"product","link":"https:\/\/flakhobby.com\/sr\/\u043f\u0440\u043e\u0438\u0437\u0432\u043e\u0434\/mr-color-thinner-400ml\/","title":{"rendered":"Mr. Color Thinner &#8211; 400mL"},"content":{"rendered":"<p>Mr. Color Thinner je neophodan za razre\u0111ivanje boja i pranje \u010detkica. Mo\u017ee se koristiti za razre\u0111ivanje AK Real Colors, Mr. Color i drugih boja na solventnoj osnovi.<\/p>","protected":false},"excerpt":{"rendered":"<p>Razre\u0111iva\u010d za boje na solventnoj osnovi &#8211; 400mL<\/p>","protected":false},"featured_media":8377,"template":"","meta":[],"product_brand":[],"product_cat":[339,348],"product_tag":[],"class_list":{"0":"post-8373","1":"product","2":"type-product","3":"status-publish","4":"has-post-thumbnail","6":"product_cat-boje-i-razredivaci","7":"product_cat-razredivaci","8":"pa_brand-mr-hobby","10":"first","11":"outofstock","12":"shipping-taxable","13":"purchasable","14":"product-type-simple"},"_links":{"self":[{"href":"https:\/\/flakhobby.com\/sr\/wp-json\/wp\/v2\/product\/8373","targetHints":{"allow":["GET"]}}],"collection":[{"href":"https:\/\/flakhobby.com\/sr\/wp-json\/wp\/v2\/product"}],"about":[{"href":"https:\/\/flakhobby.com\/sr\/wp-json\/wp\/v2\/types\/product"}],"version-history":[{"count":1,"href":"https:\/\/flakhobby.com\/sr\/wp-json\/wp\/v2\/product\/8373\/revisions"}],"predecessor-version":[{"id":8376,"href":"https:\/\/flakhobby.com\/sr\/wp-json\/wp\/v2\/product\/8373\/revisions\/8376"}],"wp:featuredmedia":[{"embeddable":true,"href":"https:\/\/flakhobby.com\/sr\/wp-json\/wp\/v2\/media\/8377"}],"wp:attachment":[{"href":"https:\/\/flakhobby.com\/sr\/wp-json\/wp\/v2\/media?parent=8373"}],"wp:term":[{"taxonomy":"product_brand","embeddable":true,"href":"https:\/\/flakhobby.com\/sr\/wp-json\/wp\/v2\/product_brand?post=8373"},{"taxonomy":"product_cat","embeddable":true,"href":"https:\/\/flakhobby.com\/sr\/wp-json\/wp\/v2\/product_cat?post=8373"},{"taxonomy":"product_tag","embeddable":true,"href":"https:\/\/flakhobby.com\/sr\/wp-json\/wp\/v2\/product_tag?post=8373"}],"curies":[{"name":"wp","href":"https:\/\/api.w.org\/{rel}","templated":true}]}}