{"id":7019,"date":"2022-01-23T19:01:29","date_gmt":"2022-01-23T19:01:29","guid":{"rendered":"https:\/\/flakhobby.com\/?post_type=product&#038;p=7019"},"modified":"2023-08-30T11:13:25","modified_gmt":"2023-08-30T11:13:25","slug":"the-weathering-aircraft-18-accessories","status":"publish","type":"product","link":"https:\/\/flakhobby.com\/sr\/\u043f\u0440\u043e\u0438\u0437\u0432\u043e\u0434\/the-weathering-aircraft-18-accessories\/","title":{"rendered":"The Weathering Aircraft 18 &#8211; Accessories"},"content":{"rendered":"<p>Ovaj serijal \u010dasopisa je posve\u0107en isklju\u010divo avionima. Ovo izdanje je posve\u0107eno izradi, bojenju, ostarevanju, itd raznih vrsta dodataka maketama od jednostavnih \u0161lemova do pomog\u0107nih vozila.<br \/>\n\u010casopis je na engleskom jeziku, u mekom povezu.<\/p>","protected":false},"excerpt":{"rendered":"<p><em><strong>The Weathering Aicraft \u2013 engleski jezik<\/strong><\/em><\/p>","protected":false},"featured_media":7020,"template":"","meta":[],"product_brand":[],"product_cat":[374],"product_tag":[],"class_list":{"0":"post-7019","1":"product","2":"type-product","3":"status-publish","4":"has-post-thumbnail","6":"product_cat-knjige-casopisi","7":"pa_brand-ammo","9":"first","10":"instock","11":"shipping-taxable","12":"purchasable","13":"product-type-simple"},"_links":{"self":[{"href":"https:\/\/flakhobby.com\/sr\/wp-json\/wp\/v2\/product\/7019","targetHints":{"allow":["GET"]}}],"collection":[{"href":"https:\/\/flakhobby.com\/sr\/wp-json\/wp\/v2\/product"}],"about":[{"href":"https:\/\/flakhobby.com\/sr\/wp-json\/wp\/v2\/types\/product"}],"version-history":[{"count":1,"href":"https:\/\/flakhobby.com\/sr\/wp-json\/wp\/v2\/product\/7019\/revisions"}],"predecessor-version":[{"id":7028,"href":"https:\/\/flakhobby.com\/sr\/wp-json\/wp\/v2\/product\/7019\/revisions\/7028"}],"wp:featuredmedia":[{"embeddable":true,"href":"https:\/\/flakhobby.com\/sr\/wp-json\/wp\/v2\/media\/7020"}],"wp:attachment":[{"href":"https:\/\/flakhobby.com\/sr\/wp-json\/wp\/v2\/media?parent=7019"}],"wp:term":[{"taxonomy":"product_brand","embeddable":true,"href":"https:\/\/flakhobby.com\/sr\/wp-json\/wp\/v2\/product_brand?post=7019"},{"taxonomy":"product_cat","embeddable":true,"href":"https:\/\/flakhobby.com\/sr\/wp-json\/wp\/v2\/product_cat?post=7019"},{"taxonomy":"product_tag","embeddable":true,"href":"https:\/\/flakhobby.com\/sr\/wp-json\/wp\/v2\/product_tag?post=7019"}],"curies":[{"name":"wp","href":"https:\/\/api.w.org\/{rel}","templated":true}]}}