{"id":7009,"date":"2022-01-23T18:55:29","date_gmt":"2022-01-23T18:55:29","guid":{"rendered":"https:\/\/flakhobby.com\/?post_type=product&#038;p=7009"},"modified":"2025-10-20T11:02:16","modified_gmt":"2025-10-20T11:02:16","slug":"the-weathering-aircraft-17-decals-and-masks","status":"publish","type":"product","link":"https:\/\/flakhobby.com\/sr\/\u043f\u0440\u043e\u0438\u0437\u0432\u043e\u0434\/the-weathering-aircraft-17-decals-and-masks\/","title":{"rendered":"The Weathering Aircraft 17 &#8211; Decals and Masks"},"content":{"rendered":"<p>Ovaj serijal \u010dasopisa je posve\u0107en isklju\u010divo avionima. Ovo izdanje je posve\u0107eno pravilnom postavljanju dekala, kao i pravljenju raznih vrsta maski.<br \/>\nU ovom izdanju se mo\u017eete upoznati sa svim tehnikama koje je neophodno znati kako bi Va\u0161i dekali izgledali vrhunski.<br \/>\n\u010casopis je na engleskoj jeziku, na 72 strane u mekom povezu.<\/p>","protected":false},"excerpt":{"rendered":"<p><em><strong>The Weathering Aicraft \u2013 72 strana\/engleski jezik<\/strong><\/em><\/p>","protected":false},"featured_media":7010,"template":"","meta":[],"product_brand":[],"product_cat":[374],"product_tag":[],"class_list":{"0":"post-7009","1":"product","2":"type-product","3":"status-publish","4":"has-post-thumbnail","6":"product_cat-knjige-casopisi","7":"pa_brand-ammo","9":"first","10":"instock","11":"shipping-taxable","12":"purchasable","13":"product-type-simple"},"_links":{"self":[{"href":"https:\/\/flakhobby.com\/sr\/wp-json\/wp\/v2\/product\/7009","targetHints":{"allow":["GET"]}}],"collection":[{"href":"https:\/\/flakhobby.com\/sr\/wp-json\/wp\/v2\/product"}],"about":[{"href":"https:\/\/flakhobby.com\/sr\/wp-json\/wp\/v2\/types\/product"}],"version-history":[{"count":1,"href":"https:\/\/flakhobby.com\/sr\/wp-json\/wp\/v2\/product\/7009\/revisions"}],"predecessor-version":[{"id":7018,"href":"https:\/\/flakhobby.com\/sr\/wp-json\/wp\/v2\/product\/7009\/revisions\/7018"}],"wp:featuredmedia":[{"embeddable":true,"href":"https:\/\/flakhobby.com\/sr\/wp-json\/wp\/v2\/media\/7010"}],"wp:attachment":[{"href":"https:\/\/flakhobby.com\/sr\/wp-json\/wp\/v2\/media?parent=7009"}],"wp:term":[{"taxonomy":"product_brand","embeddable":true,"href":"https:\/\/flakhobby.com\/sr\/wp-json\/wp\/v2\/product_brand?post=7009"},{"taxonomy":"product_cat","embeddable":true,"href":"https:\/\/flakhobby.com\/sr\/wp-json\/wp\/v2\/product_cat?post=7009"},{"taxonomy":"product_tag","embeddable":true,"href":"https:\/\/flakhobby.com\/sr\/wp-json\/wp\/v2\/product_tag?post=7009"}],"curies":[{"name":"wp","href":"https:\/\/api.w.org\/{rel}","templated":true}]}}