{"id":6999,"date":"2022-01-23T18:49:50","date_gmt":"2022-01-23T18:49:50","guid":{"rendered":"https:\/\/flakhobby.com\/?post_type=product&#038;p=6999"},"modified":"2026-01-28T20:01:06","modified_gmt":"2026-01-28T19:01:06","slug":"the-weathering-aircraft-10-armament","status":"publish","type":"product","link":"https:\/\/flakhobby.com\/sr\/\u043f\u0440\u043e\u0438\u0437\u0432\u043e\u0434\/the-weathering-aircraft-10-armament\/","title":{"rendered":"The Weathering Aircraft 10 &#8211; Armament"},"content":{"rendered":"<p>Ovaj serijal \u010dasopisa je posve\u0107en isklju\u010divo avionima. Ovo izdanje je posve\u0107eno specifi\u010dno bojenju, ostarevanju naoru\u017eanja.<\/p>\n<p>&nbsp;<\/p>","protected":false},"excerpt":{"rendered":"<p><em><strong>The Weathering Aicraft \u2013 engleski jezik<\/strong><\/em><\/p>","protected":false},"featured_media":7001,"template":"","meta":[],"product_brand":[],"product_cat":[374],"product_tag":[],"class_list":{"0":"post-6999","1":"product","2":"type-product","3":"status-publish","4":"has-post-thumbnail","6":"product_cat-knjige-casopisi","7":"pa_brand-ammo","9":"first","10":"instock","11":"sale","12":"shipping-taxable","13":"purchasable","14":"product-type-simple"},"_links":{"self":[{"href":"https:\/\/flakhobby.com\/sr\/wp-json\/wp\/v2\/product\/6999","targetHints":{"allow":["GET"]}}],"collection":[{"href":"https:\/\/flakhobby.com\/sr\/wp-json\/wp\/v2\/product"}],"about":[{"href":"https:\/\/flakhobby.com\/sr\/wp-json\/wp\/v2\/types\/product"}],"version-history":[{"count":2,"href":"https:\/\/flakhobby.com\/sr\/wp-json\/wp\/v2\/product\/6999\/revisions"}],"predecessor-version":[{"id":9707,"href":"https:\/\/flakhobby.com\/sr\/wp-json\/wp\/v2\/product\/6999\/revisions\/9707"}],"wp:featuredmedia":[{"embeddable":true,"href":"https:\/\/flakhobby.com\/sr\/wp-json\/wp\/v2\/media\/7001"}],"wp:attachment":[{"href":"https:\/\/flakhobby.com\/sr\/wp-json\/wp\/v2\/media?parent=6999"}],"wp:term":[{"taxonomy":"product_brand","embeddable":true,"href":"https:\/\/flakhobby.com\/sr\/wp-json\/wp\/v2\/product_brand?post=6999"},{"taxonomy":"product_cat","embeddable":true,"href":"https:\/\/flakhobby.com\/sr\/wp-json\/wp\/v2\/product_cat?post=6999"},{"taxonomy":"product_tag","embeddable":true,"href":"https:\/\/flakhobby.com\/sr\/wp-json\/wp\/v2\/product_tag?post=6999"}],"curies":[{"name":"wp","href":"https:\/\/api.w.org\/{rel}","templated":true}]}}