{"id":6807,"date":"2022-01-12T22:30:36","date_gmt":"2022-01-12T22:30:36","guid":{"rendered":"https:\/\/flakhobby.com\/?post_type=product&#038;p=6807"},"modified":"2025-02-12T13:54:31","modified_gmt":"2025-02-12T13:54:31","slug":"xtreme-metal-polished-aluminium-30ml","status":"publish","type":"product","link":"https:\/\/flakhobby.com\/sr\/\u043f\u0440\u043e\u0438\u0437\u0432\u043e\u0434\/xtreme-metal-polished-aluminium-30ml\/","title":{"rendered":"Xtreme Metal Polished Aluminium &#8211; 30mL"},"content":{"rendered":"<p>Xtreme Metal su metalik boje na emajl bazi koje su spremne za prskanje airbrushem bez razre\u0111ivanja. Ove metalik boje su za razliku od drugih veoma otporne na traku. Ne\u0107e o\u0161tetiti plastiku, ali<br \/>\nje zbog \u0161to boljeg fini\u0161a boje preporu\u010deno kori\u0161\u0107enje crnog prajmera i sjajnog laka kao podloge.<br \/>\nJedan od pregleda ovih boja: <a href=\"https:\/\/www.largescaleplanes.com\/reviews\/review.php?rid=1510\" target=\"_blank\" rel=\"noopener\">https:\/\/www.largescaleplanes.com\/reviews\/review.php?rid=1510<\/a><\/p>","protected":false},"excerpt":{"rendered":"<p>Emajl metalik boje spremne za airbrush &#8211; 30mL<\/p>","protected":false},"featured_media":6808,"template":"","meta":[],"product_brand":[],"product_cat":[339,343],"product_tag":[],"class_list":{"0":"post-6807","1":"product","2":"type-product","3":"status-publish","4":"has-post-thumbnail","6":"product_cat-boje-i-razredivaci","7":"product_cat-xtreme-metal-colors-35ml","9":"first","10":"instock","11":"shipping-taxable","12":"purchasable","13":"product-type-simple"},"_links":{"self":[{"href":"https:\/\/flakhobby.com\/sr\/wp-json\/wp\/v2\/product\/6807","targetHints":{"allow":["GET"]}}],"collection":[{"href":"https:\/\/flakhobby.com\/sr\/wp-json\/wp\/v2\/product"}],"about":[{"href":"https:\/\/flakhobby.com\/sr\/wp-json\/wp\/v2\/types\/product"}],"version-history":[{"count":2,"href":"https:\/\/flakhobby.com\/sr\/wp-json\/wp\/v2\/product\/6807\/revisions"}],"predecessor-version":[{"id":15773,"href":"https:\/\/flakhobby.com\/sr\/wp-json\/wp\/v2\/product\/6807\/revisions\/15773"}],"wp:featuredmedia":[{"embeddable":true,"href":"https:\/\/flakhobby.com\/sr\/wp-json\/wp\/v2\/media\/6808"}],"wp:attachment":[{"href":"https:\/\/flakhobby.com\/sr\/wp-json\/wp\/v2\/media?parent=6807"}],"wp:term":[{"taxonomy":"product_brand","embeddable":true,"href":"https:\/\/flakhobby.com\/sr\/wp-json\/wp\/v2\/product_brand?post=6807"},{"taxonomy":"product_cat","embeddable":true,"href":"https:\/\/flakhobby.com\/sr\/wp-json\/wp\/v2\/product_cat?post=6807"},{"taxonomy":"product_tag","embeddable":true,"href":"https:\/\/flakhobby.com\/sr\/wp-json\/wp\/v2\/product_tag?post=6807"}],"curies":[{"name":"wp","href":"https:\/\/api.w.org\/{rel}","templated":true}]}}