{"id":6741,"date":"2022-01-12T21:27:23","date_gmt":"2022-01-12T21:27:23","guid":{"rendered":"https:\/\/flakhobby.com\/?post_type=product&#038;p=6741"},"modified":"2026-04-07T14:28:59","modified_gmt":"2026-04-07T12:28:59","slug":"xtreme-cleaner-thinner-100ml","status":"publish","type":"product","link":"https:\/\/flakhobby.com\/sr\/\u043f\u0440\u043e\u0438\u0437\u0432\u043e\u0434\/xtreme-cleaner-thinner-100ml\/","title":{"rendered":"Xtreme Cleaner &#038; Thinner 100mL"},"content":{"rendered":"<p>Emajl razre\u0111iva\u010d i sredstvo za \u010di\u0161\u0107enje Xtreme Metal boja. Mo\u017ee se koristiti i u druge svrhe, npr \u010di\u0161\u0107enje alata, razre\u0111ivanje gita ili emajl boja drugih brendov.<br \/>\nSpecifi\u010dno formulisan da ukloni sav metalik pigment.<\/p>\n<p>&nbsp;<\/p>","protected":false},"excerpt":{"rendered":"<p>Emajl razre\u0111iva\u010d i sredstvo za \u010di\u0161\u0107enje Xtreme Metal boja &#8211; 100mL<\/p>","protected":false},"featured_media":6742,"template":"","meta":[],"product_brand":[],"product_cat":[339,348,343],"product_tag":[],"class_list":{"0":"post-6741","1":"product","2":"type-product","3":"status-publish","4":"has-post-thumbnail","6":"product_cat-boje-i-razredivaci","7":"product_cat-razredivaci","8":"product_cat-xtreme-metal-colors-35ml","10":"first","11":"outofstock","12":"shipping-taxable","13":"purchasable","14":"product-type-simple"},"_links":{"self":[{"href":"https:\/\/flakhobby.com\/sr\/wp-json\/wp\/v2\/product\/6741","targetHints":{"allow":["GET"]}}],"collection":[{"href":"https:\/\/flakhobby.com\/sr\/wp-json\/wp\/v2\/product"}],"about":[{"href":"https:\/\/flakhobby.com\/sr\/wp-json\/wp\/v2\/types\/product"}],"version-history":[{"count":1,"href":"https:\/\/flakhobby.com\/sr\/wp-json\/wp\/v2\/product\/6741\/revisions"}],"predecessor-version":[{"id":6743,"href":"https:\/\/flakhobby.com\/sr\/wp-json\/wp\/v2\/product\/6741\/revisions\/6743"}],"wp:featuredmedia":[{"embeddable":true,"href":"https:\/\/flakhobby.com\/sr\/wp-json\/wp\/v2\/media\/6742"}],"wp:attachment":[{"href":"https:\/\/flakhobby.com\/sr\/wp-json\/wp\/v2\/media?parent=6741"}],"wp:term":[{"taxonomy":"product_brand","embeddable":true,"href":"https:\/\/flakhobby.com\/sr\/wp-json\/wp\/v2\/product_brand?post=6741"},{"taxonomy":"product_cat","embeddable":true,"href":"https:\/\/flakhobby.com\/sr\/wp-json\/wp\/v2\/product_cat?post=6741"},{"taxonomy":"product_tag","embeddable":true,"href":"https:\/\/flakhobby.com\/sr\/wp-json\/wp\/v2\/product_tag?post=6741"}],"curies":[{"name":"wp","href":"https:\/\/api.w.org\/{rel}","templated":true}]}}