{"id":6720,"date":"2022-01-10T22:40:44","date_gmt":"2022-01-10T22:40:44","guid":{"rendered":"https:\/\/flakhobby.com\/?post_type=product&#038;p=6720"},"modified":"2025-06-13T11:43:25","modified_gmt":"2025-06-13T11:43:25","slug":"elastic-rigging-mega-thin","status":"publish","type":"product","link":"https:\/\/flakhobby.com\/sr\/\u043f\u0440\u043e\u0438\u0437\u0432\u043e\u0434\/elastic-rigging-mega-thin\/","title":{"rendered":"Elastic Rigging &#8211; Mega Thin"},"content":{"rendered":"<p>Elasti\u010dni konac za sve vrste antena i dr<br \/>\nMo\u017ee se se\u0107i skalpelom i lepiti superlepkom. Du\u017eina &#8211; 20m<\/p>","protected":false},"excerpt":{"rendered":"<p>Elasti\u010dni konac za sve vrste antena<\/p>","protected":false},"featured_media":6721,"template":"","meta":[],"product_brand":[],"product_cat":[358,367],"product_tag":[],"class_list":{"0":"post-6720","1":"product","2":"type-product","3":"status-publish","4":"has-post-thumbnail","6":"product_cat-maketarski-alat-i-pribor","7":"product_cat-rucni-alat-smirgle-konac-za-rigging","8":"pa_brand-ak-interactive","10":"first","11":"outofstock","12":"shipping-taxable","13":"purchasable","14":"product-type-simple"},"_links":{"self":[{"href":"https:\/\/flakhobby.com\/sr\/wp-json\/wp\/v2\/product\/6720","targetHints":{"allow":["GET"]}}],"collection":[{"href":"https:\/\/flakhobby.com\/sr\/wp-json\/wp\/v2\/product"}],"about":[{"href":"https:\/\/flakhobby.com\/sr\/wp-json\/wp\/v2\/types\/product"}],"version-history":[{"count":1,"href":"https:\/\/flakhobby.com\/sr\/wp-json\/wp\/v2\/product\/6720\/revisions"}],"predecessor-version":[{"id":6724,"href":"https:\/\/flakhobby.com\/sr\/wp-json\/wp\/v2\/product\/6720\/revisions\/6724"}],"wp:featuredmedia":[{"embeddable":true,"href":"https:\/\/flakhobby.com\/sr\/wp-json\/wp\/v2\/media\/6721"}],"wp:attachment":[{"href":"https:\/\/flakhobby.com\/sr\/wp-json\/wp\/v2\/media?parent=6720"}],"wp:term":[{"taxonomy":"product_brand","embeddable":true,"href":"https:\/\/flakhobby.com\/sr\/wp-json\/wp\/v2\/product_brand?post=6720"},{"taxonomy":"product_cat","embeddable":true,"href":"https:\/\/flakhobby.com\/sr\/wp-json\/wp\/v2\/product_cat?post=6720"},{"taxonomy":"product_tag","embeddable":true,"href":"https:\/\/flakhobby.com\/sr\/wp-json\/wp\/v2\/product_tag?post=6720"}],"curies":[{"name":"wp","href":"https:\/\/api.w.org\/{rel}","templated":true}]}}