{"id":6695,"date":"2022-01-10T22:20:22","date_gmt":"2022-01-10T22:20:22","guid":{"rendered":"https:\/\/flakhobby.com\/?post_type=product&#038;p=6695"},"modified":"2025-06-13T11:43:24","modified_gmt":"2025-06-13T11:43:24","slug":"side-cutter","status":"publish","type":"product","link":"https:\/\/flakhobby.com\/sr\/\u043f\u0440\u043e\u0438\u0437\u0432\u043e\u0434\/side-cutter\/","title":{"rendered":"Side Cutter"},"content":{"rendered":"<p>Ugaone se\u010dice za skidanje delova makete sa ramova. Preporu\u010deno je izbegavanje se\u010dena tvrdih metalnih \u017eica, kao i mekanih \u017eica debljih od 1mm.<\/p>","protected":false},"excerpt":{"rendered":"<p>Ugaone se\u010dice za plastiku<\/p>","protected":false},"featured_media":6696,"template":"","meta":[],"product_brand":[],"product_cat":[358,367],"product_tag":[],"class_list":{"0":"post-6695","1":"product","2":"type-product","3":"status-publish","4":"has-post-thumbnail","6":"product_cat-maketarski-alat-i-pribor","7":"product_cat-rucni-alat-smirgle-konac-za-rigging","8":"pa_brand-ak-interactive","10":"first","11":"outofstock","12":"shipping-taxable","13":"purchasable","14":"product-type-simple"},"_links":{"self":[{"href":"https:\/\/flakhobby.com\/sr\/wp-json\/wp\/v2\/product\/6695","targetHints":{"allow":["GET"]}}],"collection":[{"href":"https:\/\/flakhobby.com\/sr\/wp-json\/wp\/v2\/product"}],"about":[{"href":"https:\/\/flakhobby.com\/sr\/wp-json\/wp\/v2\/types\/product"}],"version-history":[{"count":2,"href":"https:\/\/flakhobby.com\/sr\/wp-json\/wp\/v2\/product\/6695\/revisions"}],"predecessor-version":[{"id":15372,"href":"https:\/\/flakhobby.com\/sr\/wp-json\/wp\/v2\/product\/6695\/revisions\/15372"}],"wp:featuredmedia":[{"embeddable":true,"href":"https:\/\/flakhobby.com\/sr\/wp-json\/wp\/v2\/media\/6696"}],"wp:attachment":[{"href":"https:\/\/flakhobby.com\/sr\/wp-json\/wp\/v2\/media?parent=6695"}],"wp:term":[{"taxonomy":"product_brand","embeddable":true,"href":"https:\/\/flakhobby.com\/sr\/wp-json\/wp\/v2\/product_brand?post=6695"},{"taxonomy":"product_cat","embeddable":true,"href":"https:\/\/flakhobby.com\/sr\/wp-json\/wp\/v2\/product_cat?post=6695"},{"taxonomy":"product_tag","embeddable":true,"href":"https:\/\/flakhobby.com\/sr\/wp-json\/wp\/v2\/product_tag?post=6695"}],"curies":[{"name":"wp","href":"https:\/\/api.w.org\/{rel}","templated":true}]}}