{"id":6691,"date":"2022-01-10T22:17:03","date_gmt":"2022-01-10T22:17:03","guid":{"rendered":"https:\/\/flakhobby.com\/?post_type=product&#038;p=6691"},"modified":"2025-10-30T15:35:06","modified_gmt":"2025-10-30T15:35:06","slug":"intermediate-gauzy-agent-shine-enhancer-100ml","status":"publish","type":"product","link":"https:\/\/flakhobby.com\/sr\/\u043f\u0440\u043e\u0438\u0437\u0432\u043e\u0434\/intermediate-gauzy-agent-shine-enhancer-100ml\/","title":{"rendered":"Intermediate Gauzy Agent Shine Enhancer &#8211; 100mL"},"content":{"rendered":"<p>Sjajni lak koji se mo\u017ee koristiti preko svih vrsta boja. Vrlo je pogodan za za\u0161titu metalik boja.<\/p>\n<p>Ima samoniveli\u0161u\u0107a svojstva i mo\u017ee se nanositi i airbrushes i \u010detkicom<\/p>","protected":false},"excerpt":{"rendered":"<p>Sjajni lak &#8211; 100mL<\/p>","protected":false},"featured_media":6692,"template":"","meta":[],"product_brand":[],"product_cat":[358,363],"product_tag":[],"class_list":{"0":"post-6691","1":"product","2":"type-product","3":"status-publish","4":"has-post-thumbnail","6":"product_cat-maketarski-alat-i-pribor","7":"product_cat-lakovi","8":"pa_brand-ak-interactive","10":"first","11":"instock","12":"shipping-taxable","13":"purchasable","14":"product-type-simple"},"_links":{"self":[{"href":"https:\/\/flakhobby.com\/sr\/wp-json\/wp\/v2\/product\/6691","targetHints":{"allow":["GET"]}}],"collection":[{"href":"https:\/\/flakhobby.com\/sr\/wp-json\/wp\/v2\/product"}],"about":[{"href":"https:\/\/flakhobby.com\/sr\/wp-json\/wp\/v2\/types\/product"}],"version-history":[{"count":1,"href":"https:\/\/flakhobby.com\/sr\/wp-json\/wp\/v2\/product\/6691\/revisions"}],"predecessor-version":[{"id":6694,"href":"https:\/\/flakhobby.com\/sr\/wp-json\/wp\/v2\/product\/6691\/revisions\/6694"}],"wp:featuredmedia":[{"embeddable":true,"href":"https:\/\/flakhobby.com\/sr\/wp-json\/wp\/v2\/media\/6692"}],"wp:attachment":[{"href":"https:\/\/flakhobby.com\/sr\/wp-json\/wp\/v2\/media?parent=6691"}],"wp:term":[{"taxonomy":"product_brand","embeddable":true,"href":"https:\/\/flakhobby.com\/sr\/wp-json\/wp\/v2\/product_brand?post=6691"},{"taxonomy":"product_cat","embeddable":true,"href":"https:\/\/flakhobby.com\/sr\/wp-json\/wp\/v2\/product_cat?post=6691"},{"taxonomy":"product_tag","embeddable":true,"href":"https:\/\/flakhobby.com\/sr\/wp-json\/wp\/v2\/product_tag?post=6691"}],"curies":[{"name":"wp","href":"https:\/\/api.w.org\/{rel}","templated":true}]}}