{"id":6684,"date":"2022-01-10T22:07:27","date_gmt":"2022-01-10T22:07:27","guid":{"rendered":"https:\/\/flakhobby.com\/?post_type=product&#038;p=6684"},"modified":"2026-04-20T13:07:34","modified_gmt":"2026-04-20T11:07:34","slug":"stainless-steel-shakers","status":"publish","type":"product","link":"https:\/\/flakhobby.com\/sr\/\u043f\u0440\u043e\u0438\u0437\u0432\u043e\u0434\/stainless-steel-shakers\/","title":{"rendered":"Stainless Steel Shakers"},"content":{"rendered":"<p>Ner\u0111aju\u0107i metalni lageri za me\u0161anje boja i ostale hemije &#8211; ~250kom<\/p>","protected":false},"excerpt":{"rendered":"<p>Ner\u0111aju\u0107i metalni lageri za me\u0161anje ~250kom<\/p>","protected":false},"featured_media":6685,"template":"","meta":[],"product_brand":[],"product_cat":[368,358],"product_tag":[],"class_list":{"0":"post-6684","1":"product","2":"type-product","3":"status-publish","4":"has-post-thumbnail","6":"product_cat-ostalo","7":"product_cat-maketarski-alat-i-pribor","8":"pa_brand-ak-interactive","10":"first","11":"outofstock","12":"shipping-taxable","13":"purchasable","14":"product-type-simple"},"_links":{"self":[{"href":"https:\/\/flakhobby.com\/sr\/wp-json\/wp\/v2\/product\/6684","targetHints":{"allow":["GET"]}}],"collection":[{"href":"https:\/\/flakhobby.com\/sr\/wp-json\/wp\/v2\/product"}],"about":[{"href":"https:\/\/flakhobby.com\/sr\/wp-json\/wp\/v2\/types\/product"}],"version-history":[{"count":1,"href":"https:\/\/flakhobby.com\/sr\/wp-json\/wp\/v2\/product\/6684\/revisions"}],"predecessor-version":[{"id":6686,"href":"https:\/\/flakhobby.com\/sr\/wp-json\/wp\/v2\/product\/6684\/revisions\/6686"}],"wp:featuredmedia":[{"embeddable":true,"href":"https:\/\/flakhobby.com\/sr\/wp-json\/wp\/v2\/media\/6685"}],"wp:attachment":[{"href":"https:\/\/flakhobby.com\/sr\/wp-json\/wp\/v2\/media?parent=6684"}],"wp:term":[{"taxonomy":"product_brand","embeddable":true,"href":"https:\/\/flakhobby.com\/sr\/wp-json\/wp\/v2\/product_brand?post=6684"},{"taxonomy":"product_cat","embeddable":true,"href":"https:\/\/flakhobby.com\/sr\/wp-json\/wp\/v2\/product_cat?post=6684"},{"taxonomy":"product_tag","embeddable":true,"href":"https:\/\/flakhobby.com\/sr\/wp-json\/wp\/v2\/product_tag?post=6684"}],"curies":[{"name":"wp","href":"https:\/\/api.w.org\/{rel}","templated":true}]}}