{"id":6663,"date":"2022-01-10T21:42:00","date_gmt":"2022-01-10T21:42:00","guid":{"rendered":"https:\/\/flakhobby.com\/?post_type=product&#038;p=6663"},"modified":"2025-06-13T11:43:21","modified_gmt":"2025-06-13T11:43:21","slug":"glass-fibre-pencil-4mm","status":"publish","type":"product","link":"https:\/\/flakhobby.com\/sr\/\u043f\u0440\u043e\u0438\u0437\u0432\u043e\u0434\/glass-fibre-pencil-4mm\/","title":{"rendered":"Glass Fibre Pencil 4mm"},"content":{"rendered":"<p>Olovka sa staklenim vlaknima se koristi za precizno \u0161mirglanje i simuliranje ulubljenja na metalnim povr\u0161inama. Vrh se mo\u017ee zameniti kada se potro\u0161i.<br \/>\nPreporu\u010deno je nositi obi\u010dnu masku za lice i rukavice za vreme rukovanja olovkom sa staklenim vlaknima.<\/p>\n<p>&nbsp;<\/p>\n<p>&nbsp;<\/p>","protected":false},"excerpt":{"rendered":"<p>Olovka sa staklenim vlaknima<\/p>","protected":false},"featured_media":6664,"template":"","meta":[],"product_brand":[],"product_cat":[358,367],"product_tag":[],"class_list":{"0":"post-6663","1":"product","2":"type-product","3":"status-publish","4":"has-post-thumbnail","6":"product_cat-maketarski-alat-i-pribor","7":"product_cat-rucni-alat-smirgle-konac-za-rigging","8":"pa_brand-ak-interactive","10":"first","11":"outofstock","12":"shipping-taxable","13":"purchasable","14":"product-type-simple"},"_links":{"self":[{"href":"https:\/\/flakhobby.com\/sr\/wp-json\/wp\/v2\/product\/6663","targetHints":{"allow":["GET"]}}],"collection":[{"href":"https:\/\/flakhobby.com\/sr\/wp-json\/wp\/v2\/product"}],"about":[{"href":"https:\/\/flakhobby.com\/sr\/wp-json\/wp\/v2\/types\/product"}],"version-history":[{"count":1,"href":"https:\/\/flakhobby.com\/sr\/wp-json\/wp\/v2\/product\/6663\/revisions"}],"predecessor-version":[{"id":6665,"href":"https:\/\/flakhobby.com\/sr\/wp-json\/wp\/v2\/product\/6663\/revisions\/6665"}],"wp:featuredmedia":[{"embeddable":true,"href":"https:\/\/flakhobby.com\/sr\/wp-json\/wp\/v2\/media\/6664"}],"wp:attachment":[{"href":"https:\/\/flakhobby.com\/sr\/wp-json\/wp\/v2\/media?parent=6663"}],"wp:term":[{"taxonomy":"product_brand","embeddable":true,"href":"https:\/\/flakhobby.com\/sr\/wp-json\/wp\/v2\/product_brand?post=6663"},{"taxonomy":"product_cat","embeddable":true,"href":"https:\/\/flakhobby.com\/sr\/wp-json\/wp\/v2\/product_cat?post=6663"},{"taxonomy":"product_tag","embeddable":true,"href":"https:\/\/flakhobby.com\/sr\/wp-json\/wp\/v2\/product_tag?post=6663"}],"curies":[{"name":"wp","href":"https:\/\/api.w.org\/{rel}","templated":true}]}}