{"id":6550,"date":"2022-01-07T19:32:39","date_gmt":"2022-01-07T19:32:39","guid":{"rendered":"https:\/\/flakhobby.com\/?post_type=product&#038;p=6550"},"modified":"2025-06-13T12:11:28","modified_gmt":"2025-06-13T12:11:28","slug":"carving-foam-8mm-a5","status":"publish","type":"product","link":"https:\/\/flakhobby.com\/sr\/\u043f\u0440\u043e\u0438\u0437\u0432\u043e\u0434\/carving-foam-8mm-a5\/","title":{"rendered":"Carving Foam 8mm A5"},"content":{"rendered":"<p>Fenolna pena koja se mo\u017ee koristiti za pravljenje struktura za diorame kao \u0161to su zgrade, zidovi, itd. U odnosu na AK8097\/8 <em>Construction Foam,\u00a0<\/em>ovaj proizvod je tvr\u0111i i finije gra\u0111e i dopu\u0161ta izradu finijih detalja.<\/p>","protected":false},"excerpt":{"rendered":"<p>Fenolna pena za diorame 8mm<\/p>","protected":false},"featured_media":6551,"template":"","meta":[],"product_brand":[],"product_cat":[372,369],"product_tag":[],"class_list":{"0":"post-6550","1":"product","2":"type-product","3":"status-publish","4":"has-post-thumbnail","6":"product_cat-osnove-za-diorame","7":"product_cat-diorame","9":"first","10":"outofstock","11":"shipping-taxable","12":"purchasable","13":"product-type-simple"},"_links":{"self":[{"href":"https:\/\/flakhobby.com\/sr\/wp-json\/wp\/v2\/product\/6550","targetHints":{"allow":["GET"]}}],"collection":[{"href":"https:\/\/flakhobby.com\/sr\/wp-json\/wp\/v2\/product"}],"about":[{"href":"https:\/\/flakhobby.com\/sr\/wp-json\/wp\/v2\/types\/product"}],"version-history":[{"count":1,"href":"https:\/\/flakhobby.com\/sr\/wp-json\/wp\/v2\/product\/6550\/revisions"}],"predecessor-version":[{"id":6554,"href":"https:\/\/flakhobby.com\/sr\/wp-json\/wp\/v2\/product\/6550\/revisions\/6554"}],"wp:featuredmedia":[{"embeddable":true,"href":"https:\/\/flakhobby.com\/sr\/wp-json\/wp\/v2\/media\/6551"}],"wp:attachment":[{"href":"https:\/\/flakhobby.com\/sr\/wp-json\/wp\/v2\/media?parent=6550"}],"wp:term":[{"taxonomy":"product_brand","embeddable":true,"href":"https:\/\/flakhobby.com\/sr\/wp-json\/wp\/v2\/product_brand?post=6550"},{"taxonomy":"product_cat","embeddable":true,"href":"https:\/\/flakhobby.com\/sr\/wp-json\/wp\/v2\/product_cat?post=6550"},{"taxonomy":"product_tag","embeddable":true,"href":"https:\/\/flakhobby.com\/sr\/wp-json\/wp\/v2\/product_tag?post=6550"}],"curies":[{"name":"wp","href":"https:\/\/api.w.org\/{rel}","templated":true}]}}