{"id":5854,"date":"2021-12-25T20:15:20","date_gmt":"2021-12-25T20:15:20","guid":{"rendered":"https:\/\/flakhobby.com\/?post_type=product&#038;p=5854"},"modified":"2025-10-05T21:29:34","modified_gmt":"2025-10-05T21:29:34","slug":"europe-earth","status":"publish","type":"product","link":"https:\/\/flakhobby.com\/sr\/\u043f\u0440\u043e\u0438\u0437\u0432\u043e\u0434\/europe-earth\/","title":{"rendered":"Europe Earth"},"content":{"rendered":"<p>Pigment za makete.<\/p>\n<p>Za vi\u0161e informacija o kori\u0161\u0107enju pigmenata &#8211; <a href=\"https:\/\/www.youtube.com\/watch?v=UMbj77t1NMo\" target=\"_blank\" rel=\"noopener\">https:\/\/www.youtube.com\/watch?v=UMbj77t1NMo<\/a><\/p>","protected":false},"excerpt":{"rendered":"<p>Pigment za makete 35mL<\/p>","protected":false},"featured_media":5855,"template":"","meta":[],"product_brand":[],"product_cat":[353,349],"product_tag":[],"class_list":{"0":"post-5854","1":"product","2":"type-product","3":"status-publish","4":"has-post-thumbnail","6":"product_cat-pigmenti","7":"product_cat-weathering","8":"pa_brand-ammo","10":"first","11":"instock","12":"shipping-taxable","13":"purchasable","14":"product-type-simple"},"_links":{"self":[{"href":"https:\/\/flakhobby.com\/sr\/wp-json\/wp\/v2\/product\/5854","targetHints":{"allow":["GET"]}}],"collection":[{"href":"https:\/\/flakhobby.com\/sr\/wp-json\/wp\/v2\/product"}],"about":[{"href":"https:\/\/flakhobby.com\/sr\/wp-json\/wp\/v2\/types\/product"}],"version-history":[{"count":2,"href":"https:\/\/flakhobby.com\/sr\/wp-json\/wp\/v2\/product\/5854\/revisions"}],"predecessor-version":[{"id":15854,"href":"https:\/\/flakhobby.com\/sr\/wp-json\/wp\/v2\/product\/5854\/revisions\/15854"}],"wp:featuredmedia":[{"embeddable":true,"href":"https:\/\/flakhobby.com\/sr\/wp-json\/wp\/v2\/media\/5855"}],"wp:attachment":[{"href":"https:\/\/flakhobby.com\/sr\/wp-json\/wp\/v2\/media?parent=5854"}],"wp:term":[{"taxonomy":"product_brand","embeddable":true,"href":"https:\/\/flakhobby.com\/sr\/wp-json\/wp\/v2\/product_brand?post=5854"},{"taxonomy":"product_cat","embeddable":true,"href":"https:\/\/flakhobby.com\/sr\/wp-json\/wp\/v2\/product_cat?post=5854"},{"taxonomy":"product_tag","embeddable":true,"href":"https:\/\/flakhobby.com\/sr\/wp-json\/wp\/v2\/product_tag?post=5854"}],"curies":[{"name":"wp","href":"https:\/\/api.w.org\/{rel}","templated":true}]}}