{"id":5831,"date":"2021-12-25T19:53:03","date_gmt":"2021-12-25T19:53:03","guid":{"rendered":"https:\/\/flakhobby.com\/?post_type=product&#038;p=5831"},"modified":"2024-04-12T18:05:26","modified_gmt":"2024-04-12T18:05:26","slug":"tan-for-3-tone-camo","status":"publish","type":"product","link":"https:\/\/flakhobby.com\/sr\/\u043f\u0440\u043e\u0438\u0437\u0432\u043e\u0434\/tan-for-3-tone-camo\/","title":{"rendered":"Tan For 3 Tone Camo"},"content":{"rendered":"<p>Vi\u0161e informacija o kori\u0161\u0107enju filtera mo\u017eete videti ovde: <a href=\"https:\/\/www.youtube.com\/watch?v=9aOF4H3BjKU\" target=\"_blank\" rel=\"noopener\">https:\/\/www.youtube.com\/watch?v=9aOF4H3BjKU<\/a><\/p>","protected":false},"excerpt":{"rendered":"<p>Emajl filter &#8211; 35mL<\/p>","protected":false},"featured_media":5832,"template":"","meta":[],"product_brand":[],"product_cat":[349,356],"product_tag":[],"class_list":{"0":"post-5831","1":"product","2":"type-product","3":"status-publish","4":"has-post-thumbnail","6":"product_cat-weathering","7":"product_cat-filteri","8":"pa_brand-ammo","10":"first","11":"instock","12":"shipping-taxable","13":"purchasable","14":"product-type-simple"},"_links":{"self":[{"href":"https:\/\/flakhobby.com\/sr\/wp-json\/wp\/v2\/product\/5831","targetHints":{"allow":["GET"]}}],"collection":[{"href":"https:\/\/flakhobby.com\/sr\/wp-json\/wp\/v2\/product"}],"about":[{"href":"https:\/\/flakhobby.com\/sr\/wp-json\/wp\/v2\/types\/product"}],"version-history":[{"count":1,"href":"https:\/\/flakhobby.com\/sr\/wp-json\/wp\/v2\/product\/5831\/revisions"}],"predecessor-version":[{"id":5833,"href":"https:\/\/flakhobby.com\/sr\/wp-json\/wp\/v2\/product\/5831\/revisions\/5833"}],"wp:featuredmedia":[{"embeddable":true,"href":"https:\/\/flakhobby.com\/sr\/wp-json\/wp\/v2\/media\/5832"}],"wp:attachment":[{"href":"https:\/\/flakhobby.com\/sr\/wp-json\/wp\/v2\/media?parent=5831"}],"wp:term":[{"taxonomy":"product_brand","embeddable":true,"href":"https:\/\/flakhobby.com\/sr\/wp-json\/wp\/v2\/product_brand?post=5831"},{"taxonomy":"product_cat","embeddable":true,"href":"https:\/\/flakhobby.com\/sr\/wp-json\/wp\/v2\/product_cat?post=5831"},{"taxonomy":"product_tag","embeddable":true,"href":"https:\/\/flakhobby.com\/sr\/wp-json\/wp\/v2\/product_tag?post=5831"}],"curies":[{"name":"wp","href":"https:\/\/api.w.org\/{rel}","templated":true}]}}