{"id":5822,"date":"2021-12-25T19:41:48","date_gmt":"2021-12-25T19:41:48","guid":{"rendered":"https:\/\/flakhobby.com\/?post_type=product&#038;p=5822"},"modified":"2025-05-12T11:33:04","modified_gmt":"2025-05-12T11:33:04","slug":"one-shot-primer-black-60ml","status":"publish","type":"product","link":"https:\/\/flakhobby.com\/sr\/\u043f\u0440\u043e\u0438\u0437\u0432\u043e\u0434\/one-shot-primer-black-60ml\/","title":{"rendered":"One Shot Primer &#8211; Black 60mL"},"content":{"rendered":"<p>Crni samoniveli\u0161u\u0107i poliuretanski prajmer koji pokriva povr\u0161inu u jednom sloju.<br \/>\nMo\u017ee se naneti na: plastiku, metal, rezin, staklo itd.<\/p>\n<p>Netoksi\u010dan i ne zahteva razre\u0111ivanje.<\/p>\n<p>Vi\u0161e o kori\u0161\u0107enju ovog prajmera: <a href=\"https:\/\/www.youtube.com\/watch?v=vN_keRqruuc\" target=\"_blank\" rel=\"noopener\">https:\/\/www.youtube.com\/watch?v=vN_keRqruuc<\/a><\/p>","protected":false},"excerpt":{"rendered":"<p>Poliuretanski prajmer za plastiku, rezin, metal &#8211; 60mL<\/p>","protected":false},"featured_media":5823,"template":"","meta":[],"product_brand":[],"product_cat":[358,364],"product_tag":[],"class_list":{"0":"post-5822","1":"product","2":"type-product","3":"status-publish","4":"has-post-thumbnail","6":"product_cat-maketarski-alat-i-pribor","7":"product_cat-prajmeri","8":"pa_brand-ammo","10":"first","11":"outofstock","12":"shipping-taxable","13":"purchasable","14":"product-type-simple"},"_links":{"self":[{"href":"https:\/\/flakhobby.com\/sr\/wp-json\/wp\/v2\/product\/5822","targetHints":{"allow":["GET"]}}],"collection":[{"href":"https:\/\/flakhobby.com\/sr\/wp-json\/wp\/v2\/product"}],"about":[{"href":"https:\/\/flakhobby.com\/sr\/wp-json\/wp\/v2\/types\/product"}],"version-history":[{"count":1,"href":"https:\/\/flakhobby.com\/sr\/wp-json\/wp\/v2\/product\/5822\/revisions"}],"predecessor-version":[{"id":5824,"href":"https:\/\/flakhobby.com\/sr\/wp-json\/wp\/v2\/product\/5822\/revisions\/5824"}],"wp:featuredmedia":[{"embeddable":true,"href":"https:\/\/flakhobby.com\/sr\/wp-json\/wp\/v2\/media\/5823"}],"wp:attachment":[{"href":"https:\/\/flakhobby.com\/sr\/wp-json\/wp\/v2\/media?parent=5822"}],"wp:term":[{"taxonomy":"product_brand","embeddable":true,"href":"https:\/\/flakhobby.com\/sr\/wp-json\/wp\/v2\/product_brand?post=5822"},{"taxonomy":"product_cat","embeddable":true,"href":"https:\/\/flakhobby.com\/sr\/wp-json\/wp\/v2\/product_cat?post=5822"},{"taxonomy":"product_tag","embeddable":true,"href":"https:\/\/flakhobby.com\/sr\/wp-json\/wp\/v2\/product_tag?post=5822"}],"curies":[{"name":"wp","href":"https:\/\/api.w.org\/{rel}","templated":true}]}}