{"id":5810,"date":"2021-12-25T19:30:50","date_gmt":"2021-12-25T19:30:50","guid":{"rendered":"https:\/\/flakhobby.com\/?post_type=product&#038;p=5810"},"modified":"2024-11-19T22:03:44","modified_gmt":"2024-11-19T22:03:44","slug":"matt-lucky-varnish-60ml","status":"publish","type":"product","link":"https:\/\/flakhobby.com\/sr\/\u043f\u0440\u043e\u0438\u0437\u0432\u043e\u0434\/matt-lucky-varnish-60ml\/","title":{"rendered":"Matt Lucky Varnish 60mL"},"content":{"rendered":"<p>Mat lak za sve vrste akrilnih boja. Mo\u017ee se koristiti na dva na\u010dina:<\/p>\n<ol>\n<li>Mo\u017ee se naneti preko boje kao standardan lak<\/li>\n<li>Mo\u017ee se pome\u0161ati sa bojom kako bi je matirao<\/li>\n<\/ol>\n<p>Mo\u017ee se nanositi i \u010detkicom i airburshem. Neophodno je naneti ovaj lak u vi\u0161e tankih slojeva i nema potrebe za razre\u0111ivanjem.<\/p>\n<p>Bezmirisan i netoksi\u010dan. Ne postaje \u017eut vremenom. \u010cisti se AMIG2000 Akrilnim razre\u0111iva\u010dem ili vodom.<\/p>\n<p>Za vi\u0161e informacija o kori\u0161\u0107enju ovih lakova pogledajte ovaj video klip: <a href=\"https:\/\/www.youtube.com\/watch?v=dnu__yXMtnA\" target=\"_blank\" rel=\"noopener\">https:\/\/www.youtube.com\/watch?v=dnu__yXMtnA<\/a><\/p>","protected":false},"excerpt":{"rendered":"<p>Akrilni lak za \u010detkicu i airbrush 60mL<\/p>","protected":false},"featured_media":5811,"template":"","meta":[],"product_brand":[],"product_cat":[358,363],"product_tag":[],"class_list":{"0":"post-5810","1":"product","2":"type-product","3":"status-publish","4":"has-post-thumbnail","6":"product_cat-maketarski-alat-i-pribor","7":"product_cat-lakovi","8":"pa_brand-ammo","10":"first","11":"instock","12":"shipping-taxable","13":"purchasable","14":"product-type-simple"},"_links":{"self":[{"href":"https:\/\/flakhobby.com\/sr\/wp-json\/wp\/v2\/product\/5810","targetHints":{"allow":["GET"]}}],"collection":[{"href":"https:\/\/flakhobby.com\/sr\/wp-json\/wp\/v2\/product"}],"about":[{"href":"https:\/\/flakhobby.com\/sr\/wp-json\/wp\/v2\/types\/product"}],"version-history":[{"count":2,"href":"https:\/\/flakhobby.com\/sr\/wp-json\/wp\/v2\/product\/5810\/revisions"}],"predecessor-version":[{"id":11227,"href":"https:\/\/flakhobby.com\/sr\/wp-json\/wp\/v2\/product\/5810\/revisions\/11227"}],"wp:featuredmedia":[{"embeddable":true,"href":"https:\/\/flakhobby.com\/sr\/wp-json\/wp\/v2\/media\/5811"}],"wp:attachment":[{"href":"https:\/\/flakhobby.com\/sr\/wp-json\/wp\/v2\/media?parent=5810"}],"wp:term":[{"taxonomy":"product_brand","embeddable":true,"href":"https:\/\/flakhobby.com\/sr\/wp-json\/wp\/v2\/product_brand?post=5810"},{"taxonomy":"product_cat","embeddable":true,"href":"https:\/\/flakhobby.com\/sr\/wp-json\/wp\/v2\/product_cat?post=5810"},{"taxonomy":"product_tag","embeddable":true,"href":"https:\/\/flakhobby.com\/sr\/wp-json\/wp\/v2\/product_tag?post=5810"}],"curies":[{"name":"wp","href":"https:\/\/api.w.org\/{rel}","templated":true}]}}